
{"id":6814,"date":"2017-02-07T15:01:58","date_gmt":"2017-02-07T14:01:58","guid":{"rendered":"https:\/\/www.madredediaibiza.com\/?page_id=6814"},"modified":"2026-04-24T11:34:14","modified_gmt":"2026-04-24T09:34:14","slug":"alimentacio-mare-de-dia-eivissa","status":"publish","type":"page","link":"https:\/\/www.madredediaibiza.com\/ca\/alimentacio-mare-de-dia-eivissa\/","title":{"rendered":"Alimentaci\u00f3"},"content":{"rendered":"[vc_row type=&#8221;full_width_content&#8221; full_screen_row_position=&#8221;middle&#8221; column_margin=&#8221;default&#8221; equal_height=&#8221;yes&#8221; content_placement=&#8221;middle&#8221; column_direction=&#8221;default&#8221; column_direction_tablet=&#8221;default&#8221; column_direction_phone=&#8221;default&#8221; bg_color=&#8221;#FFFFFF&#8221; scene_position=&#8221;center&#8221; bottom_padding=&#8221;6%&#8221; left_padding_tablet=&#8221;8%&#8221; constrain_group_4=&#8221;yes&#8221; right_padding_tablet=&#8221;8%&#8221; text_color=&#8221;dark&#8221; text_align=&#8221;left&#8221; row_border_radius=&#8221;none&#8221; row_border_radius_applies=&#8221;bg&#8221; row_position_desktop=&#8221;default&#8221; row_position_tablet=&#8221;inherit&#8221; row_position_phone=&#8221;inherit&#8221; overflow=&#8221;visible&#8221; id=&#8221;topfood&#8221; advanced_gradient_angle=&#8221;0&#8243; overlay_strength=&#8221;0.3&#8243; gradient_direction=&#8221;left_to_right&#8221; shape_divider_position=&#8221;bottom&#8221; bg_image_animation=&#8221;none&#8221; gradient_type=&#8221;default&#8221; shape_type=&#8221;&#8221;][vc_column column_padding=&#8221;padding-8-percent&#8221; column_padding_tablet=&#8221;no-extra-padding&#8221; column_padding_phone=&#8221;no-extra-padding&#8221; column_padding_position=&#8221;all&#8221; flex_gap_desktop=&#8221;10px&#8221; column_element_direction_desktop=&#8221;default&#8221; column_element_spacing=&#8221;default&#8221; desktop_text_alignment=&#8221;default&#8221; tablet_text_alignment=&#8221;default&#8221; phone_text_alignment=&#8221;default&#8221; background_color_opacity=&#8221;1&#8243; background_hover_color_opacity=&#8221;1&#8243; column_backdrop_filter=&#8221;none&#8221; column_shadow=&#8221;none&#8221; column_border_radius=&#8221;none&#8221; column_link_target=&#8221;_self&#8221; column_position=&#8221;default&#8221; advanced_gradient_angle=&#8221;0&#8243; gradient_direction=&#8221;left_to_right&#8221; overlay_strength=&#8221;0.3&#8243; width=&#8221;1\/2&#8243; tablet_width_inherit=&#8221;default&#8221; animation_type=&#8221;default&#8221; bg_image_animation=&#8221;none&#8221; border_type=&#8221;simple&#8221; column_border_width=&#8221;none&#8221; column_border_style=&#8221;solid&#8221; gradient_type=&#8221;default&#8221;][vc_row_inner column_margin=&#8221;none&#8221; column_direction=&#8221;default&#8221; column_direction_tablet=&#8221;default&#8221; column_direction_phone=&#8221;default&#8221; bottom_padding=&#8221;60px&#8221; right_padding_phone=&#8221;0&#8243; text_align=&#8221;left&#8221; row_position=&#8221;default&#8221; row_position_tablet=&#8221;inherit&#8221; row_position_phone=&#8221;inherit&#8221; overflow=&#8221;visible&#8221; pointer_events=&#8221;all&#8221;][vc_column_inner column_padding=&#8221;no-extra-padding&#8221; column_padding_tablet=&#8221;inherit&#8221; column_padding_phone=&#8221;inherit&#8221; column_padding_position=&#8221;all&#8221; flex_gap_desktop=&#8221;10px&#8221; column_element_direction_desktop=&#8221;default&#8221; column_element_spacing=&#8221;0px&#8221; desktop_text_alignment=&#8221;default&#8221; tablet_text_alignment=&#8221;default&#8221; phone_text_alignment=&#8221;default&#8221; background_color_opacity=&#8221;1&#8243; background_hover_color_opacity=&#8221;1&#8243; column_backdrop_filter=&#8221;none&#8221; column_shadow=&#8221;none&#8221; column_border_radius=&#8221;none&#8221; column_link_target=&#8221;_self&#8221; overflow=&#8221;visible&#8221; advanced_gradient_angle=&#8221;0&#8243; gradient_direction=&#8221;left_to_right&#8221; overlay_strength=&#8221;0.3&#8243; width=&#8221;1\/1&#8243; tablet_width_inherit=&#8221;default&#8221; animation_type=&#8221;default&#8221; enable_animation=&#8221;true&#8221; animation=&#8221;fade-in-from-bottom&#8221; animation_easing=&#8221;default&#8221; bg_image_animation=&#8221;none&#8221; border_type=&#8221;simple&#8221; column_border_width=&#8221;none&#8221; column_border_style=&#8221;solid&#8221; gradient_type=&#8221;default&#8221;][vc_custom_heading text=&#8221;Alimentaci\u00f3&#8221; font_container=&#8221;tag:h1|font_size:94|text_align:left|color:%23DAAB5B|line_height:90px&#8221; use_theme_fonts=&#8221;yes&#8221; css_animation=&#8221;none&#8221; css=&#8221;.vc_custom_1772790154878{margin-bottom: -10px !important;padding-top: 7% !important;padding-bottom: 7% !important;}&#8221;][split_line_heading line_reveal_by_space_text_effect=&#8221;none&#8221; font_style=&#8221;p&#8221; content_alignment=&#8221;default&#8221; mobile_content_alignment=&#8221;inherit&#8221; animation_type=&#8221;line-reveal-by-space&#8221; link_target=&#8221;_self&#8221; text_content=&#8221;La bona nutrici\u00f3 \u00e9s b\u00e0sica i aix\u00f2 a la meva llar \u00e9s una cosa que ens prenem molt seriosament.&#8221; font_line_height=&#8221;1.7&#8243; text_direction=&#8221;default&#8221;][\/split_line_heading][vc_column_text css=&#8221;.vc_custom_1772537064605{padding-top: 3% !important;}&#8221; text_direction=&#8221;default&#8221;]L&#8217;alimentaci\u00f3 \u00e9s una q\u00fcesti\u00f3 fonamental durant els primers anys de vida d&#8217;un infant per al desenvolupament del cervell, ja que el 15-20% dels \u00e0cids grassos del cervell s\u00f3n Omega-3 DHA\u00b2.<\/p>\n<p>El men\u00fa que ofereixo <strong>es prepara a la caseta<\/strong>, amb ingredients ecol\u00f2gics, de proximitat i provinents del nostre propi hort. Cada \u00e0pat est\u00e0 acuradament equilibrat, amb les proporcions adequades de <strong>vegetals, fruites, grans integrals i prote\u00efnes saludables<\/strong>, signat per una nutricionista. Molt distant dels c\u00e0terings que tenen la majoria d&#8217;escoletes i col\u00b7legis amb men\u00fas que no s\u00f3n idonis per als infants, ni els serveixen amb les proporcions adequades per al seu bon desenvolupament.<\/p>\n<p>Tant el moment de l&#8217;esmorzar com el de la resta de menjades, <strong>\u00e9s b\u00e0sica la calma<\/strong>, per aix\u00f2 ens hem de prendre el nostre temps. Aix\u00ed com fomentar l&#8217;autonomia i millorar la confian\u00e7a de l&#8217;infant i deixar que mengi sol. Permetent-li embrutar-se, ja que \u00e9s part del seu aprenentatge.<\/p>\n<p>Amb els m\u00e9s petits, els pares poden triar entre triturats o el <strong>Baby-Led Weaning (BLW)<\/strong> per afavorir el seu desenvolupament psicomotor mitjan\u00e7ant la ingesta de trossos que els nadons puguin agafar, permetent-los explorar noves textures, colors i sabors, i evitar el sobrep\u00e8s en el futur.<\/p>\n<p>El moment de l&#8217;esmorzar, l&#8217;infant el fa quan t\u00e9 gana, \u00e9s a dir, de manera respectuosa. Depenent de l&#8217;edat, es preparen l&#8217;esmorzar ells mateixos o l&#8217;agafen ja preparat i s&#8217;asseuen a menjar.<\/p>\n<p>I a l&#8217;hora de dinar, involucrem tots els infants en el proc\u00e9s: <strong>preparen la taula, recullen i renten els seus propis estris<\/strong>, promovent la responsabilitat i el sentit de comunitat des d&#8217;edats primerenques.[\/vc_column_text][\/vc_column_inner][\/vc_row_inner][\/vc_column][vc_column column_padding=&#8221;no-extra-padding&#8221; column_padding_tablet=&#8221;inherit&#8221; column_padding_phone=&#8221;inherit&#8221; column_padding_position=&#8221;all&#8221; flex_gap_desktop=&#8221;10px&#8221; column_element_direction_desktop=&#8221;default&#8221; column_element_spacing=&#8221;0px&#8221; desktop_text_alignment=&#8221;default&#8221; tablet_text_alignment=&#8221;default&#8221; phone_text_alignment=&#8221;default&#8221; background_color_opacity=&#8221;1&#8243; background_hover_color_opacity=&#8221;1&#8243; column_backdrop_filter=&#8221;none&#8221; column_shadow=&#8221;none&#8221; column_border_radius=&#8221;none&#8221; column_link_target=&#8221;_self&#8221; column_position=&#8221;default&#8221; advanced_gradient_angle=&#8221;0&#8243; gradient_direction=&#8221;left_to_right&#8221; overlay_strength=&#8221;0.3&#8243; width=&#8221;1\/2&#8243; tablet_width_inherit=&#8221;default&#8221; animation_type=&#8221;default&#8221; bg_image_animation=&#8221;none&#8221; border_type=&#8221;simple&#8221; column_border_width=&#8221;none&#8221; column_border_style=&#8221;solid&#8221; gradient_type=&#8221;default&#8221;][vc_row_inner column_margin=&#8221;default&#8221; column_direction=&#8221;default&#8221; column_direction_tablet=&#8221;default&#8221; column_direction_phone=&#8221;default&#8221; left_padding_desktop=&#8221;20%&#8221; left_padding_tablet=&#8221;10%&#8221; text_align=&#8221;left&#8221; row_position=&#8221;default&#8221; row_position_tablet=&#8221;inherit&#8221; row_position_phone=&#8221;inherit&#8221; overflow=&#8221;visible&#8221; pointer_events=&#8221;all&#8221;][vc_column_inner column_padding=&#8221;no-extra-padding&#8221; column_padding_tablet=&#8221;inherit&#8221; column_padding_phone=&#8221;inherit&#8221; column_padding_position=&#8221;all&#8221; column_element_direction_desktop=&#8221;default&#8221; column_element_spacing=&#8221;default&#8221; desktop_text_alignment=&#8221;default&#8221; tablet_text_alignment=&#8221;default&#8221; phone_text_alignment=&#8221;default&#8221; background_color_opacity=&#8221;1&#8243; background_hover_color_opacity=&#8221;1&#8243; background_image=&#8221;6328&#8243; background_image_position=&#8221;center center&#8221; background_image_stacking=&#8221;default&#8221; enable_bg_scale=&#8221;true&#8221; background_image_loading=&#8221;default&#8221; column_backdrop_filter=&#8221;none&#8221; column_shadow=&#8221;none&#8221; column_border_radius=&#8221;none&#8221; column_link_target=&#8221;_self&#8221; overflow=&#8221;visible&#8221; advanced_gradient_angle=&#8221;0&#8243; gradient_direction=&#8221;left_to_right&#8221; overlay_strength=&#8221;0.3&#8243; width=&#8221;1\/1&#8243; tablet_width_inherit=&#8221;default&#8221; animation_type=&#8221;default&#8221; bg_image_animation=&#8221;none&#8221; parallax_bg=&#8221;true&#8221; parallax_bg_speed=&#8221;very_subtle&#8221; border_type=&#8221;simple&#8221; column_border_width=&#8221;none&#8221; column_border_style=&#8221;solid&#8221; gradient_type=&#8221;default&#8221; column_padding_type=&#8221;default&#8221; content_layout=&#8221;default&#8221;][divider line_type=&#8221;No Line&#8221; custom_height=&#8221;90vh&#8221; custom_height_tablet=&#8221;70vh&#8221; custom_height_phone=&#8221;60vh&#8221;][\/vc_column_inner][\/vc_row_inner][vc_row_inner column_margin=&#8221;default&#8221; column_direction=&#8221;default&#8221; column_direction_tablet=&#8221;default&#8221; column_direction_phone=&#8221;default&#8221; translate_y=&#8221;-50%&#8221; text_align=&#8221;left&#8221; row_position=&#8221;absolute&#8221; row_position_tablet=&#8221;inherit&#8221; row_position_phone=&#8221;inherit&#8221; top_position_desktop=&#8221;50%&#8221; left_position_desktop=&#8221;0&#8243; min_width_desktop=&#8221;40%&#8221; zindex=&#8221;50&#8243; overflow=&#8221;visible&#8221; pointer_events=&#8221;all&#8221;][vc_column_inner column_padding=&#8221;no-extra-padding&#8221; column_padding_tablet=&#8221;inherit&#8221; column_padding_phone=&#8221;inherit&#8221; column_padding_position=&#8221;all&#8221; column_element_direction_desktop=&#8221;default&#8221; column_element_spacing=&#8221;default&#8221; desktop_text_alignment=&#8221;default&#8221; tablet_text_alignment=&#8221;default&#8221; phone_text_alignment=&#8221;default&#8221; background_color_opacity=&#8221;1&#8243; background_hover_color_opacity=&#8221;1&#8243; background_image=&#8221;6290&#8243; background_image_position=&#8221;center center&#8221; background_image_stacking=&#8221;default&#8221; enable_bg_scale=&#8221;true&#8221; background_image_loading=&#8221;default&#8221; column_backdrop_filter=&#8221;none&#8221; column_shadow=&#8221;x_large_depth&#8221; column_border_radius=&#8221;none&#8221; column_link_target=&#8221;_self&#8221; overflow=&#8221;visible&#8221; advanced_gradient_angle=&#8221;0&#8243; gradient_direction=&#8221;left_to_right&#8221; overlay_strength=&#8221;0.3&#8243; width=&#8221;1\/1&#8243; tablet_width_inherit=&#8221;default&#8221; animation_type=&#8221;parallax&#8221; animation_movement_type=&#8221;default&#8221; column_parallax_intensity=&#8221;2.25&#8243; persist_movement_on_mobile=&#8221;true&#8221; bg_image_animation=&#8221;none&#8221; parallax_bg=&#8221;true&#8221; parallax_bg_speed=&#8221;very_subtle&#8221; border_type=&#8221;simple&#8221; column_border_width=&#8221;none&#8221; column_border_style=&#8221;solid&#8221; gradient_type=&#8221;default&#8221; column_padding_type=&#8221;default&#8221; content_layout=&#8221;default&#8221;][divider line_type=&#8221;No Line&#8221; custom_height=&#8221;50vh&#8221; custom_height_tablet=&#8221;40vh&#8221; custom_height_phone=&#8221;35vh&#8221;][\/vc_column_inner][\/vc_row_inner][\/vc_column][\/vc_row]\n","protected":false},"excerpt":{"rendered":"<p>[vc_row type=&#8221;full_width_content&#8221; full_screen_row_position=&#8221;middle&#8221; column_margin=&#8221;default&#8221; equal_height=&#8221;yes&#8221; content_placement=&#8221;middle&#8221; column_direction=&#8221;default&#8221; column_direction_tablet=&#8221;default&#8221; column_direction_phone=&#8221;default&#8221; bg_color=&#8221;#FFFFFF&#8221; scene_position=&#8221;center&#8221; bottom_padding=&#8221;6%&#8221; left_padding_tablet=&#8221;8%&#8221; constrain_group_4=&#8221;yes&#8221; right_padding_tablet=&#8221;8%&#8221;&#8230;<\/p>\n","protected":false},"author":1,"featured_media":0,"parent":0,"menu_order":0,"comment_status":"closed","ping_status":"closed","template":"","meta":{"footnotes":""},"class_list":["post-6814","page","type-page","status-publish"],"yoast_head":"<!-- This site is optimized with the Yoast SEO plugin v27.1.1 - https:\/\/yoast.com\/product\/yoast-seo-wordpress\/ -->\n<title>Alimentaci\u00f3 - Madre de d\u00eda en Ibiza<\/title>\n<meta name=\"description\" content=\"Oferim men\u00fas ecol\u00f2gics del nostre hort, m\u00e8tode BLW i foment de l&#039;autonomia en un entorn calmat i respectu\u00f3s per al creixement del teu infant\" \/>\n<meta name=\"robots\" content=\"index, follow, max-snippet:-1, max-image-preview:large, max-video-preview:-1\" \/>\n<link rel=\"canonical\" href=\"https:\/\/www.madredediaibiza.com\/ca\/alimentacio-mare-de-dia-eivissa\/\" \/>\n<meta property=\"og:locale\" content=\"ca_ES\" \/>\n<meta property=\"og:type\" content=\"article\" \/>\n<meta property=\"og:title\" content=\"Alimentaci\u00f3 - Madre de d\u00eda en Ibiza\" \/>\n<meta property=\"og:description\" content=\"Oferim men\u00fas ecol\u00f2gics del nostre hort, m\u00e8tode BLW i foment de l&#039;autonomia en un entorn calmat i respectu\u00f3s per al creixement del teu infant\" \/>\n<meta property=\"og:url\" content=\"https:\/\/www.madredediaibiza.com\/ca\/alimentacio-mare-de-dia-eivissa\/\" \/>\n<meta property=\"og:site_name\" content=\"Madre de d\u00eda en Ibiza\" \/>\n<meta property=\"article:modified_time\" content=\"2026-04-24T09:34:14+00:00\" \/>\n<meta property=\"og:image\" content=\"https:\/\/www.madredediaibiza.com\/wp-content\/uploads\/2026\/02\/madredediaibiza_17.webp\" \/>\n\t<meta property=\"og:image:width\" content=\"1920\" \/>\n\t<meta property=\"og:image:height\" content=\"1280\" \/>\n\t<meta property=\"og:image:type\" content=\"image\/webp\" \/>\n<meta name=\"twitter:card\" content=\"summary_large_image\" \/>\n<meta name=\"twitter:label1\" content=\"Temps estimat de lectura\" \/>\n\t<meta name=\"twitter:data1\" content=\"6 minuts\" \/>\n<script type=\"application\/ld+json\" class=\"yoast-schema-graph\">{\"@context\":\"https:\/\/schema.org\",\"@graph\":[{\"@type\":\"WebPage\",\"@id\":\"https:\/\/www.madredediaibiza.com\/ca\/alimentacio-mare-de-dia-eivissa\/\",\"url\":\"https:\/\/www.madredediaibiza.com\/ca\/alimentacio-mare-de-dia-eivissa\/\",\"name\":\"Alimentaci\u00f3 - Madre de d\u00eda en Ibiza\",\"isPartOf\":{\"@id\":\"https:\/\/www.madredediaibiza.com\/#website\"},\"datePublished\":\"2017-02-07T14:01:58+00:00\",\"dateModified\":\"2026-04-24T09:34:14+00:00\",\"description\":\"Oferim men\u00fas ecol\u00f2gics del nostre hort, m\u00e8tode BLW i foment de l'autonomia en un entorn calmat i respectu\u00f3s per al creixement del teu infant\",\"breadcrumb\":{\"@id\":\"https:\/\/www.madredediaibiza.com\/ca\/alimentacio-mare-de-dia-eivissa\/#breadcrumb\"},\"inLanguage\":\"ca\",\"potentialAction\":[{\"@type\":\"ReadAction\",\"target\":[\"https:\/\/www.madredediaibiza.com\/ca\/alimentacio-mare-de-dia-eivissa\/\"]}]},{\"@type\":\"BreadcrumbList\",\"@id\":\"https:\/\/www.madredediaibiza.com\/ca\/alimentacio-mare-de-dia-eivissa\/#breadcrumb\",\"itemListElement\":[{\"@type\":\"ListItem\",\"position\":1,\"name\":\"Portada\",\"item\":\"https:\/\/www.madredediaibiza.com\/ca\/\"},{\"@type\":\"ListItem\",\"position\":2,\"name\":\"Alimentaci\u00f3\"}]},{\"@type\":\"WebSite\",\"@id\":\"https:\/\/www.madredediaibiza.com\/#website\",\"url\":\"https:\/\/www.madredediaibiza.com\/\",\"name\":\"Rinc\u00f3n c\u00e1lido Can Puvil\",\"description\":\"Cuidado infantil personalizado mediante la metodolog\u00eda MONTESSORI\",\"publisher\":{\"@id\":\"https:\/\/www.madredediaibiza.com\/#organization\"},\"alternateName\":\"Rinc\u00f3n c\u00e1lido Can Puvil\",\"potentialAction\":[{\"@type\":\"SearchAction\",\"target\":{\"@type\":\"EntryPoint\",\"urlTemplate\":\"https:\/\/www.madredediaibiza.com\/?s={search_term_string}\"},\"query-input\":{\"@type\":\"PropertyValueSpecification\",\"valueRequired\":true,\"valueName\":\"search_term_string\"}}],\"inLanguage\":\"ca\"},{\"@type\":\"Organization\",\"@id\":\"https:\/\/www.madredediaibiza.com\/#organization\",\"name\":\"Rinc\u00f3n c\u00e1lido Can Puvil\",\"url\":\"https:\/\/www.madredediaibiza.com\/\",\"logo\":{\"@type\":\"ImageObject\",\"inLanguage\":\"ca\",\"@id\":\"https:\/\/www.madredediaibiza.com\/#\/schema\/logo\/image\/\",\"url\":\"https:\/\/www.madredediaibiza.com\/wp-content\/uploads\/2026\/03\/logo_footer2.png\",\"contentUrl\":\"https:\/\/www.madredediaibiza.com\/wp-content\/uploads\/2026\/03\/logo_footer2.png\",\"width\":437,\"height\":116,\"caption\":\"Rinc\u00f3n c\u00e1lido Can Puvil\"},\"image\":{\"@id\":\"https:\/\/www.madredediaibiza.com\/#\/schema\/logo\/image\/\"},\"sameAs\":[\"https:\/\/www.instagram.com\/rinconcalido_canpuvil\/\"]}]}<\/script>\n<!-- \/ Yoast SEO plugin. -->","yoast_head_json":{"title":"Alimentaci\u00f3 - Madre de d\u00eda en Ibiza","description":"Oferim men\u00fas ecol\u00f2gics del nostre hort, m\u00e8tode BLW i foment de l'autonomia en un entorn calmat i respectu\u00f3s per al creixement del teu infant","robots":{"index":"index","follow":"follow","max-snippet":"max-snippet:-1","max-image-preview":"max-image-preview:large","max-video-preview":"max-video-preview:-1"},"canonical":"https:\/\/www.madredediaibiza.com\/ca\/alimentacio-mare-de-dia-eivissa\/","og_locale":"ca_ES","og_type":"article","og_title":"Alimentaci\u00f3 - Madre de d\u00eda en Ibiza","og_description":"Oferim men\u00fas ecol\u00f2gics del nostre hort, m\u00e8tode BLW i foment de l'autonomia en un entorn calmat i respectu\u00f3s per al creixement del teu infant","og_url":"https:\/\/www.madredediaibiza.com\/ca\/alimentacio-mare-de-dia-eivissa\/","og_site_name":"Madre de d\u00eda en Ibiza","article_modified_time":"2026-04-24T09:34:14+00:00","og_image":[{"width":1920,"height":1280,"url":"https:\/\/www.madredediaibiza.com\/wp-content\/uploads\/2026\/02\/madredediaibiza_17.webp","type":"image\/webp"}],"twitter_card":"summary_large_image","twitter_misc":{"Temps estimat de lectura":"6 minuts"},"schema":{"@context":"https:\/\/schema.org","@graph":[{"@type":"WebPage","@id":"https:\/\/www.madredediaibiza.com\/ca\/alimentacio-mare-de-dia-eivissa\/","url":"https:\/\/www.madredediaibiza.com\/ca\/alimentacio-mare-de-dia-eivissa\/","name":"Alimentaci\u00f3 - Madre de d\u00eda en Ibiza","isPartOf":{"@id":"https:\/\/www.madredediaibiza.com\/#website"},"datePublished":"2017-02-07T14:01:58+00:00","dateModified":"2026-04-24T09:34:14+00:00","description":"Oferim men\u00fas ecol\u00f2gics del nostre hort, m\u00e8tode BLW i foment de l'autonomia en un entorn calmat i respectu\u00f3s per al creixement del teu infant","breadcrumb":{"@id":"https:\/\/www.madredediaibiza.com\/ca\/alimentacio-mare-de-dia-eivissa\/#breadcrumb"},"inLanguage":"ca","potentialAction":[{"@type":"ReadAction","target":["https:\/\/www.madredediaibiza.com\/ca\/alimentacio-mare-de-dia-eivissa\/"]}]},{"@type":"BreadcrumbList","@id":"https:\/\/www.madredediaibiza.com\/ca\/alimentacio-mare-de-dia-eivissa\/#breadcrumb","itemListElement":[{"@type":"ListItem","position":1,"name":"Portada","item":"https:\/\/www.madredediaibiza.com\/ca\/"},{"@type":"ListItem","position":2,"name":"Alimentaci\u00f3"}]},{"@type":"WebSite","@id":"https:\/\/www.madredediaibiza.com\/#website","url":"https:\/\/www.madredediaibiza.com\/","name":"Rinc\u00f3n c\u00e1lido Can Puvil","description":"Cuidado infantil personalizado mediante la metodolog\u00eda MONTESSORI","publisher":{"@id":"https:\/\/www.madredediaibiza.com\/#organization"},"alternateName":"Rinc\u00f3n c\u00e1lido Can Puvil","potentialAction":[{"@type":"SearchAction","target":{"@type":"EntryPoint","urlTemplate":"https:\/\/www.madredediaibiza.com\/?s={search_term_string}"},"query-input":{"@type":"PropertyValueSpecification","valueRequired":true,"valueName":"search_term_string"}}],"inLanguage":"ca"},{"@type":"Organization","@id":"https:\/\/www.madredediaibiza.com\/#organization","name":"Rinc\u00f3n c\u00e1lido Can Puvil","url":"https:\/\/www.madredediaibiza.com\/","logo":{"@type":"ImageObject","inLanguage":"ca","@id":"https:\/\/www.madredediaibiza.com\/#\/schema\/logo\/image\/","url":"https:\/\/www.madredediaibiza.com\/wp-content\/uploads\/2026\/03\/logo_footer2.png","contentUrl":"https:\/\/www.madredediaibiza.com\/wp-content\/uploads\/2026\/03\/logo_footer2.png","width":437,"height":116,"caption":"Rinc\u00f3n c\u00e1lido Can Puvil"},"image":{"@id":"https:\/\/www.madredediaibiza.com\/#\/schema\/logo\/image\/"},"sameAs":["https:\/\/www.instagram.com\/rinconcalido_canpuvil\/"]}]}},"_links":{"self":[{"href":"https:\/\/www.madredediaibiza.com\/ca\/wp-json\/wp\/v2\/pages\/6814","targetHints":{"allow":["GET"]}}],"collection":[{"href":"https:\/\/www.madredediaibiza.com\/ca\/wp-json\/wp\/v2\/pages"}],"about":[{"href":"https:\/\/www.madredediaibiza.com\/ca\/wp-json\/wp\/v2\/types\/page"}],"author":[{"embeddable":true,"href":"https:\/\/www.madredediaibiza.com\/ca\/wp-json\/wp\/v2\/users\/1"}],"replies":[{"embeddable":true,"href":"https:\/\/www.madredediaibiza.com\/ca\/wp-json\/wp\/v2\/comments?post=6814"}],"version-history":[{"count":4,"href":"https:\/\/www.madredediaibiza.com\/ca\/wp-json\/wp\/v2\/pages\/6814\/revisions"}],"predecessor-version":[{"id":6835,"href":"https:\/\/www.madredediaibiza.com\/ca\/wp-json\/wp\/v2\/pages\/6814\/revisions\/6835"}],"wp:attachment":[{"href":"https:\/\/www.madredediaibiza.com\/ca\/wp-json\/wp\/v2\/media?parent=6814"}],"curies":[{"name":"wp","href":"https:\/\/api.w.org\/{rel}","templated":true}]}}