
{"id":6718,"date":"2017-02-07T15:05:43","date_gmt":"2017-02-07T14:05:43","guid":{"rendered":"https:\/\/www.madredediaibiza.com\/quien-soy\/"},"modified":"2026-04-24T11:26:03","modified_gmt":"2026-04-24T09:26:03","slug":"qui-soc","status":"publish","type":"page","link":"https:\/\/www.madredediaibiza.com\/ca\/qui-soc\/","title":{"rendered":"Qui s\u00f3c"},"content":{"rendered":"[vc_row type=&#8221;full_width_content&#8221; full_screen_row_position=&#8221;middle&#8221; column_margin=&#8221;default&#8221; equal_height=&#8221;yes&#8221; content_placement=&#8221;middle&#8221; column_direction=&#8221;default&#8221; column_direction_tablet=&#8221;default&#8221; column_direction_phone=&#8221;default&#8221; bg_color=&#8221;#FFFFFF&#8221; scene_position=&#8221;center&#8221; top_padding=&#8221;1%&#8221; bottom_padding=&#8221;6%&#8221; left_padding_tablet=&#8221;8%&#8221; constrain_group_4=&#8221;yes&#8221; right_padding_tablet=&#8221;8%&#8221; text_color=&#8221;dark&#8221; text_align=&#8221;left&#8221; row_border_radius=&#8221;none&#8221; row_border_radius_applies=&#8221;bg&#8221; row_position_desktop=&#8221;default&#8221; row_position_tablet=&#8221;inherit&#8221; row_position_phone=&#8221;inherit&#8221; overflow=&#8221;visible&#8221; advanced_gradient_angle=&#8221;0&#8243; overlay_strength=&#8221;0.3&#8243; gradient_direction=&#8221;left_to_right&#8221; shape_divider_position=&#8221;bottom&#8221; bg_image_animation=&#8221;none&#8221; gradient_type=&#8221;default&#8221; shape_type=&#8221;&#8221;][vc_column column_padding=&#8221;padding-8-percent&#8221; column_padding_tablet=&#8221;no-extra-padding&#8221; column_padding_phone=&#8221;no-extra-padding&#8221; column_padding_position=&#8221;all&#8221; column_element_direction_desktop=&#8221;default&#8221; column_element_spacing=&#8221;default&#8221; desktop_text_alignment=&#8221;default&#8221; tablet_text_alignment=&#8221;default&#8221; phone_text_alignment=&#8221;default&#8221; background_color_opacity=&#8221;1&#8243; background_hover_color_opacity=&#8221;1&#8243; column_backdrop_filter=&#8221;none&#8221; column_shadow=&#8221;none&#8221; column_border_radius=&#8221;none&#8221; column_link_target=&#8221;_self&#8221; column_position=&#8221;default&#8221; advanced_gradient_angle=&#8221;0&#8243; gradient_direction=&#8221;left_to_right&#8221; overlay_strength=&#8221;0.3&#8243; width=&#8221;1\/2&#8243; tablet_width_inherit=&#8221;default&#8221; animation_type=&#8221;default&#8221; bg_image_animation=&#8221;none&#8221; border_type=&#8221;simple&#8221; column_border_width=&#8221;none&#8221; column_border_style=&#8221;solid&#8221; column_element_direction=&#8221;desktop&#8221; gradient_type=&#8221;default&#8221; column_padding_type=&#8221;default&#8221; content_layout=&#8221;default&#8221;][split_line_heading line_reveal_by_space_text_effect=&#8221;default&#8221; font_style=&#8221;h1&#8243; text_color=&#8221;#DAAB5B&#8221; stagger_animation=&#8221;true&#8221; content_alignment=&#8221;default&#8221; mobile_content_alignment=&#8221;inherit&#8221; animation_type=&#8221;line-reveal-by-space&#8221; link_target=&#8221;_self&#8221; text_content=&#8221;Hola!<br \/>\nSoc Vicky Tur&#8221; text_direction=&#8221;default&#8221; font_size=&#8221;60px&#8221; font_size_tablet=&#8221;50px&#8221; font_size_phone=&#8221;40px&#8221;][\/split_line_heading][split_line_heading line_reveal_by_space_text_effect=&#8221;none&#8221; font_style=&#8221;p&#8221; content_alignment=&#8221;default&#8221; mobile_content_alignment=&#8221;inherit&#8221; animation_type=&#8221;line-reveal-by-space&#8221; link_target=&#8221;_self&#8221; text_content=&#8221;Cuidant amb amor, guiant amb respecte.&#8221; font_size=&#8221;1.1vw&#8221; font_line_height=&#8221;1.7&#8243; font_size_tablet=&#8221;18px&#8221; font_size_phone=&#8221;16px&#8221; text_direction=&#8221;default&#8221;][\/split_line_heading][vc_column_text css=&#8221;.vc_custom_1772536261292{padding-top: 3% !important;}&#8221; text_direction=&#8221;default&#8221;]El meu nom \u00e9s Vicky Tur. Soc mestra d\u2019Educaci\u00f3 Infantil, apassionada per acompanyar el creixement dels m\u00e9s petits. Al llarg de la meva traject\u00f2ria, he realitzat diferents cursos de formaci\u00f3 sobre l\u2019educaci\u00f3, com ara: La Introducci\u00f3 a l\u2019Educaci\u00f3 Montessori i implantaci\u00f3 d\u2019Ambients Preparats per a l\u2019Aprenentatge, el M\u00e8tode Montessori en el primer i el segon cicle d\u2019Educaci\u00f3 Infantil, l\u2019alimentaci\u00f3 infantil, manipulador d\u2019aliments i primers auxilis en beb\u00e8s i nens.<\/p>\n<p>Em considero una persona molt afectuosa, tranquil\u00b7la, responsable, organitzada i pacient.<\/p>\n<p>M\u2019apassionen els nens i nenes. He treballat amb la inf\u00e0ncia com a monitora de temps lliure durant dos anys i posteriorment durant 7 anys en diferents escoles p\u00fabliques.<\/p>\n<p>Vaig comen\u00e7ar a interessar-me per una educaci\u00f3 alternativa quan em vaig quedar embarassada, ja que em vaig aturar a pensar si estava anant cap on volia i el tipus d\u2019educaci\u00f3 que volia per al meu fill.<\/p>\n<p>Sempre m\u2019havia interessat la metodologia Montessori, aix\u00ed que vaig decidir aprofundir-hi per poder dur-la a terme correctament a casa.<br \/>\nConsidero que l\u2019educaci\u00f3 que reben, d\u2019aquesta manera, els nens i nenes \u00e9s molt m\u00e9s beneficiosa per a ells perqu\u00e8 estan en un ambient tranquil, harmoni\u00f3s, c\u00e0lid i relaxat on es senten lliures, acollits i segurs. \u00c9s un entorn per a ells al qual estan acostumats i familiaritzats, ja que s\u2019assembla a casa seva. A m\u00e9s, obtenen una atenci\u00f3 m\u00e9s individualitzada i el fet de poder relacionar-se nens i nenes de diferents edats \u00e9s molt m\u00e9s benefici\u00f3s, ja que aprenen entre ells i creen nous est\u00edmuls i reptes.[\/vc_column_text][\/vc_column][vc_column column_padding=&#8221;no-extra-padding&#8221; column_padding_tablet=&#8221;padding-6-percent&#8221; column_padding_phone=&#8221;inherit&#8221; column_padding_position=&#8221;top&#8221; column_element_direction_desktop=&#8221;default&#8221; column_element_spacing=&#8221;0px&#8221; desktop_text_alignment=&#8221;default&#8221; tablet_text_alignment=&#8221;default&#8221; phone_text_alignment=&#8221;default&#8221; background_color_opacity=&#8221;1&#8243; background_hover_color_opacity=&#8221;1&#8243; column_backdrop_filter=&#8221;none&#8221; column_shadow=&#8221;none&#8221; column_border_radius=&#8221;none&#8221; column_link_target=&#8221;_self&#8221; column_position=&#8221;default&#8221; advanced_gradient_angle=&#8221;0&#8243; gradient_direction=&#8221;left_to_right&#8221; overlay_strength=&#8221;0.3&#8243; width=&#8221;1\/2&#8243; tablet_width_inherit=&#8221;default&#8221; animation_type=&#8221;default&#8221; bg_image_animation=&#8221;none&#8221; border_type=&#8221;simple&#8221; column_border_width=&#8221;none&#8221; column_border_style=&#8221;solid&#8221; column_element_direction=&#8221;desktop&#8221; gradient_type=&#8221;default&#8221; column_padding_type=&#8221;default&#8221; content_layout=&#8221;default&#8221;][vc_row_inner column_margin=&#8221;default&#8221; column_direction=&#8221;default&#8221; column_direction_tablet=&#8221;default&#8221; column_direction_phone=&#8221;default&#8221; left_padding_desktop=&#8221;20%&#8221; left_padding_tablet=&#8221;10%&#8221; text_align=&#8221;left&#8221; row_position=&#8221;default&#8221; row_position_tablet=&#8221;inherit&#8221; row_position_phone=&#8221;inherit&#8221; overflow=&#8221;visible&#8221; pointer_events=&#8221;all&#8221;][vc_column_inner column_padding=&#8221;no-extra-padding&#8221; column_padding_tablet=&#8221;inherit&#8221; column_padding_phone=&#8221;inherit&#8221; column_padding_position=&#8221;all&#8221; column_element_direction_desktop=&#8221;default&#8221; column_element_spacing=&#8221;default&#8221; desktop_text_alignment=&#8221;default&#8221; tablet_text_alignment=&#8221;default&#8221; phone_text_alignment=&#8221;default&#8221; background_color_opacity=&#8221;1&#8243; background_hover_color_opacity=&#8221;1&#8243; background_image=&#8221;6275&#8243; background_image_position=&#8221;center center&#8221; background_image_stacking=&#8221;default&#8221; enable_bg_scale=&#8221;true&#8221; background_image_loading=&#8221;default&#8221; column_backdrop_filter=&#8221;none&#8221; column_shadow=&#8221;none&#8221; column_border_radius=&#8221;none&#8221; column_link_target=&#8221;_self&#8221; overflow=&#8221;visible&#8221; advanced_gradient_angle=&#8221;0&#8243; gradient_direction=&#8221;left_to_right&#8221; overlay_strength=&#8221;0.3&#8243; width=&#8221;1\/1&#8243; tablet_width_inherit=&#8221;default&#8221; animation_type=&#8221;default&#8221; bg_image_animation=&#8221;none&#8221; parallax_bg=&#8221;true&#8221; parallax_bg_speed=&#8221;very_subtle&#8221; border_type=&#8221;simple&#8221; column_border_width=&#8221;none&#8221; column_border_style=&#8221;solid&#8221; column_element_direction=&#8221;desktop&#8221; gradient_type=&#8221;default&#8221; column_padding_type=&#8221;default&#8221; content_layout=&#8221;default&#8221;][divider line_type=&#8221;No Line&#8221; custom_height=&#8221;90vh&#8221; custom_height_tablet=&#8221;70vh&#8221; custom_height_phone=&#8221;60vh&#8221;][\/vc_column_inner][\/vc_row_inner][vc_row_inner column_margin=&#8221;default&#8221; column_direction=&#8221;default&#8221; column_direction_tablet=&#8221;default&#8221; column_direction_phone=&#8221;default&#8221; translate_y=&#8221;-50%&#8221; text_align=&#8221;left&#8221; row_position=&#8221;absolute&#8221; row_position_tablet=&#8221;inherit&#8221; row_position_phone=&#8221;inherit&#8221; top_position_desktop=&#8221;50%&#8221; left_position_desktop=&#8221;0&#8243; min_width_desktop=&#8221;40%&#8221; zindex=&#8221;50&#8243; overflow=&#8221;visible&#8221; pointer_events=&#8221;all&#8221;][vc_column_inner column_padding=&#8221;no-extra-padding&#8221; column_padding_tablet=&#8221;inherit&#8221; column_padding_phone=&#8221;inherit&#8221; column_padding_position=&#8221;all&#8221; column_element_direction_desktop=&#8221;default&#8221; column_element_spacing=&#8221;default&#8221; desktop_text_alignment=&#8221;default&#8221; tablet_text_alignment=&#8221;default&#8221; phone_text_alignment=&#8221;default&#8221; background_color_opacity=&#8221;1&#8243; background_hover_color_opacity=&#8221;1&#8243; background_image=&#8221;6276&#8243; background_image_position=&#8221;center center&#8221; background_image_stacking=&#8221;default&#8221; enable_bg_scale=&#8221;true&#8221; background_image_loading=&#8221;default&#8221; column_backdrop_filter=&#8221;none&#8221; column_shadow=&#8221;x_large_depth&#8221; column_border_radius=&#8221;none&#8221; column_link_target=&#8221;_self&#8221; overflow=&#8221;visible&#8221; advanced_gradient_angle=&#8221;0&#8243; gradient_direction=&#8221;left_to_right&#8221; overlay_strength=&#8221;0.3&#8243; width=&#8221;1\/1&#8243; tablet_width_inherit=&#8221;default&#8221; animation_type=&#8221;parallax&#8221; animation_movement_type=&#8221;default&#8221; column_parallax_intensity=&#8221;2.25&#8243; persist_movement_on_mobile=&#8221;true&#8221; bg_image_animation=&#8221;none&#8221; parallax_bg=&#8221;true&#8221; parallax_bg_speed=&#8221;very_subtle&#8221; border_type=&#8221;simple&#8221; column_border_width=&#8221;none&#8221; column_border_style=&#8221;solid&#8221; column_element_direction=&#8221;desktop&#8221; gradient_type=&#8221;default&#8221; column_padding_type=&#8221;default&#8221; content_layout=&#8221;default&#8221;][divider line_type=&#8221;No Line&#8221; custom_height=&#8221;50vh&#8221; custom_height_tablet=&#8221;40vh&#8221; custom_height_phone=&#8221;35vh&#8221;][\/vc_column_inner][\/vc_row_inner][\/vc_column][\/vc_row]\n","protected":false},"excerpt":{"rendered":"<p>[vc_row type=&#8221;full_width_content&#8221; full_screen_row_position=&#8221;middle&#8221; column_margin=&#8221;default&#8221; equal_height=&#8221;yes&#8221; content_placement=&#8221;middle&#8221; column_direction=&#8221;default&#8221; column_direction_tablet=&#8221;default&#8221; column_direction_phone=&#8221;default&#8221; bg_color=&#8221;#FFFFFF&#8221; scene_position=&#8221;center&#8221; top_padding=&#8221;1%&#8221; bottom_padding=&#8221;6%&#8221; left_padding_tablet=&#8221;8%&#8221; constrain_group_4=&#8221;yes&#8221;&#8230;<\/p>\n","protected":false},"author":1,"featured_media":0,"parent":0,"menu_order":0,"comment_status":"closed","ping_status":"closed","template":"","meta":{"footnotes":""},"class_list":["post-6718","page","type-page","status-publish"],"yoast_head":"<!-- This site is optimized with the Yoast SEO plugin v27.1.1 - https:\/\/yoast.com\/product\/yoast-seo-wordpress\/ -->\n<title>Qui soc | Mare de Dia a Eivissa<\/title>\n<meta name=\"description\" content=\"Coneix la persona que hi ha darrere de Mare de Dia Eivissa, la seva experi\u00e8ncia, vocaci\u00f3 i manera d&#039;acompanyar els infants en el seu creixement.\" \/>\n<meta name=\"robots\" content=\"index, follow, max-snippet:-1, max-image-preview:large, max-video-preview:-1\" \/>\n<link rel=\"canonical\" href=\"https:\/\/www.madredediaibiza.com\/ca\/qui-soc\/\" \/>\n<meta property=\"og:locale\" content=\"ca_ES\" \/>\n<meta property=\"og:type\" content=\"article\" \/>\n<meta property=\"og:title\" content=\"Qui soc | Mare de Dia a Eivissa\" \/>\n<meta property=\"og:description\" content=\"Coneix la persona que hi ha darrere de Mare de Dia Eivissa, la seva experi\u00e8ncia, vocaci\u00f3 i manera d&#039;acompanyar els infants en el seu creixement.\" \/>\n<meta property=\"og:url\" content=\"https:\/\/www.madredediaibiza.com\/ca\/qui-soc\/\" \/>\n<meta property=\"og:site_name\" content=\"Madre de d\u00eda en Ibiza\" \/>\n<meta property=\"article:modified_time\" content=\"2026-04-24T09:26:03+00:00\" \/>\n<meta property=\"og:image\" content=\"https:\/\/www.madredediaibiza.com\/wp-content\/uploads\/2026\/02\/madredediaibiza_17.webp\" \/>\n\t<meta property=\"og:image:width\" content=\"1920\" \/>\n\t<meta property=\"og:image:height\" content=\"1280\" \/>\n\t<meta property=\"og:image:type\" content=\"image\/webp\" \/>\n<meta name=\"twitter:card\" content=\"summary_large_image\" \/>\n<meta name=\"twitter:label1\" content=\"Temps estimat de lectura\" \/>\n\t<meta name=\"twitter:data1\" content=\"6 minuts\" \/>\n<script type=\"application\/ld+json\" class=\"yoast-schema-graph\">{\"@context\":\"https:\/\/schema.org\",\"@graph\":[{\"@type\":\"WebPage\",\"@id\":\"https:\/\/www.madredediaibiza.com\/ca\/qui-soc\/\",\"url\":\"https:\/\/www.madredediaibiza.com\/ca\/qui-soc\/\",\"name\":\"Qui soc | Mare de Dia a Eivissa\",\"isPartOf\":{\"@id\":\"https:\/\/www.madredediaibiza.com\/#website\"},\"datePublished\":\"2017-02-07T14:05:43+00:00\",\"dateModified\":\"2026-04-24T09:26:03+00:00\",\"description\":\"Coneix la persona que hi ha darrere de Mare de Dia Eivissa, la seva experi\u00e8ncia, vocaci\u00f3 i manera d'acompanyar els infants en el seu creixement.\",\"breadcrumb\":{\"@id\":\"https:\/\/www.madredediaibiza.com\/ca\/qui-soc\/#breadcrumb\"},\"inLanguage\":\"ca\",\"potentialAction\":[{\"@type\":\"ReadAction\",\"target\":[\"https:\/\/www.madredediaibiza.com\/ca\/qui-soc\/\"]}]},{\"@type\":\"BreadcrumbList\",\"@id\":\"https:\/\/www.madredediaibiza.com\/ca\/qui-soc\/#breadcrumb\",\"itemListElement\":[{\"@type\":\"ListItem\",\"position\":1,\"name\":\"Portada\",\"item\":\"https:\/\/www.madredediaibiza.com\/ca\/\"},{\"@type\":\"ListItem\",\"position\":2,\"name\":\"Qui s\u00f3c\"}]},{\"@type\":\"WebSite\",\"@id\":\"https:\/\/www.madredediaibiza.com\/#website\",\"url\":\"https:\/\/www.madredediaibiza.com\/\",\"name\":\"Rinc\u00f3n c\u00e1lido Can Puvil\",\"description\":\"Cuidado infantil personalizado mediante la metodolog\u00eda MONTESSORI\",\"publisher\":{\"@id\":\"https:\/\/www.madredediaibiza.com\/#organization\"},\"alternateName\":\"Rinc\u00f3n c\u00e1lido Can Puvil\",\"potentialAction\":[{\"@type\":\"SearchAction\",\"target\":{\"@type\":\"EntryPoint\",\"urlTemplate\":\"https:\/\/www.madredediaibiza.com\/?s={search_term_string}\"},\"query-input\":{\"@type\":\"PropertyValueSpecification\",\"valueRequired\":true,\"valueName\":\"search_term_string\"}}],\"inLanguage\":\"ca\"},{\"@type\":\"Organization\",\"@id\":\"https:\/\/www.madredediaibiza.com\/#organization\",\"name\":\"Rinc\u00f3n c\u00e1lido Can Puvil\",\"url\":\"https:\/\/www.madredediaibiza.com\/\",\"logo\":{\"@type\":\"ImageObject\",\"inLanguage\":\"ca\",\"@id\":\"https:\/\/www.madredediaibiza.com\/#\/schema\/logo\/image\/\",\"url\":\"https:\/\/www.madredediaibiza.com\/wp-content\/uploads\/2026\/03\/logo_footer2.png\",\"contentUrl\":\"https:\/\/www.madredediaibiza.com\/wp-content\/uploads\/2026\/03\/logo_footer2.png\",\"width\":437,\"height\":116,\"caption\":\"Rinc\u00f3n c\u00e1lido Can Puvil\"},\"image\":{\"@id\":\"https:\/\/www.madredediaibiza.com\/#\/schema\/logo\/image\/\"},\"sameAs\":[\"https:\/\/www.instagram.com\/rinconcalido_canpuvil\/\"]}]}<\/script>\n<!-- \/ Yoast SEO plugin. -->","yoast_head_json":{"title":"Qui soc | Mare de Dia a Eivissa","description":"Coneix la persona que hi ha darrere de Mare de Dia Eivissa, la seva experi\u00e8ncia, vocaci\u00f3 i manera d'acompanyar els infants en el seu creixement.","robots":{"index":"index","follow":"follow","max-snippet":"max-snippet:-1","max-image-preview":"max-image-preview:large","max-video-preview":"max-video-preview:-1"},"canonical":"https:\/\/www.madredediaibiza.com\/ca\/qui-soc\/","og_locale":"ca_ES","og_type":"article","og_title":"Qui soc | Mare de Dia a Eivissa","og_description":"Coneix la persona que hi ha darrere de Mare de Dia Eivissa, la seva experi\u00e8ncia, vocaci\u00f3 i manera d'acompanyar els infants en el seu creixement.","og_url":"https:\/\/www.madredediaibiza.com\/ca\/qui-soc\/","og_site_name":"Madre de d\u00eda en Ibiza","article_modified_time":"2026-04-24T09:26:03+00:00","og_image":[{"width":1920,"height":1280,"url":"https:\/\/www.madredediaibiza.com\/wp-content\/uploads\/2026\/02\/madredediaibiza_17.webp","type":"image\/webp"}],"twitter_card":"summary_large_image","twitter_misc":{"Temps estimat de lectura":"6 minuts"},"schema":{"@context":"https:\/\/schema.org","@graph":[{"@type":"WebPage","@id":"https:\/\/www.madredediaibiza.com\/ca\/qui-soc\/","url":"https:\/\/www.madredediaibiza.com\/ca\/qui-soc\/","name":"Qui soc | Mare de Dia a Eivissa","isPartOf":{"@id":"https:\/\/www.madredediaibiza.com\/#website"},"datePublished":"2017-02-07T14:05:43+00:00","dateModified":"2026-04-24T09:26:03+00:00","description":"Coneix la persona que hi ha darrere de Mare de Dia Eivissa, la seva experi\u00e8ncia, vocaci\u00f3 i manera d'acompanyar els infants en el seu creixement.","breadcrumb":{"@id":"https:\/\/www.madredediaibiza.com\/ca\/qui-soc\/#breadcrumb"},"inLanguage":"ca","potentialAction":[{"@type":"ReadAction","target":["https:\/\/www.madredediaibiza.com\/ca\/qui-soc\/"]}]},{"@type":"BreadcrumbList","@id":"https:\/\/www.madredediaibiza.com\/ca\/qui-soc\/#breadcrumb","itemListElement":[{"@type":"ListItem","position":1,"name":"Portada","item":"https:\/\/www.madredediaibiza.com\/ca\/"},{"@type":"ListItem","position":2,"name":"Qui s\u00f3c"}]},{"@type":"WebSite","@id":"https:\/\/www.madredediaibiza.com\/#website","url":"https:\/\/www.madredediaibiza.com\/","name":"Rinc\u00f3n c\u00e1lido Can Puvil","description":"Cuidado infantil personalizado mediante la metodolog\u00eda MONTESSORI","publisher":{"@id":"https:\/\/www.madredediaibiza.com\/#organization"},"alternateName":"Rinc\u00f3n c\u00e1lido Can Puvil","potentialAction":[{"@type":"SearchAction","target":{"@type":"EntryPoint","urlTemplate":"https:\/\/www.madredediaibiza.com\/?s={search_term_string}"},"query-input":{"@type":"PropertyValueSpecification","valueRequired":true,"valueName":"search_term_string"}}],"inLanguage":"ca"},{"@type":"Organization","@id":"https:\/\/www.madredediaibiza.com\/#organization","name":"Rinc\u00f3n c\u00e1lido Can Puvil","url":"https:\/\/www.madredediaibiza.com\/","logo":{"@type":"ImageObject","inLanguage":"ca","@id":"https:\/\/www.madredediaibiza.com\/#\/schema\/logo\/image\/","url":"https:\/\/www.madredediaibiza.com\/wp-content\/uploads\/2026\/03\/logo_footer2.png","contentUrl":"https:\/\/www.madredediaibiza.com\/wp-content\/uploads\/2026\/03\/logo_footer2.png","width":437,"height":116,"caption":"Rinc\u00f3n c\u00e1lido Can Puvil"},"image":{"@id":"https:\/\/www.madredediaibiza.com\/#\/schema\/logo\/image\/"},"sameAs":["https:\/\/www.instagram.com\/rinconcalido_canpuvil\/"]}]}},"_links":{"self":[{"href":"https:\/\/www.madredediaibiza.com\/ca\/wp-json\/wp\/v2\/pages\/6718","targetHints":{"allow":["GET"]}}],"collection":[{"href":"https:\/\/www.madredediaibiza.com\/ca\/wp-json\/wp\/v2\/pages"}],"about":[{"href":"https:\/\/www.madredediaibiza.com\/ca\/wp-json\/wp\/v2\/types\/page"}],"author":[{"embeddable":true,"href":"https:\/\/www.madredediaibiza.com\/ca\/wp-json\/wp\/v2\/users\/1"}],"replies":[{"embeddable":true,"href":"https:\/\/www.madredediaibiza.com\/ca\/wp-json\/wp\/v2\/comments?post=6718"}],"version-history":[{"count":3,"href":"https:\/\/www.madredediaibiza.com\/ca\/wp-json\/wp\/v2\/pages\/6718\/revisions"}],"predecessor-version":[{"id":6821,"href":"https:\/\/www.madredediaibiza.com\/ca\/wp-json\/wp\/v2\/pages\/6718\/revisions\/6821"}],"wp:attachment":[{"href":"https:\/\/www.madredediaibiza.com\/ca\/wp-json\/wp\/v2\/media?parent=6718"}],"curies":[{"name":"wp","href":"https:\/\/api.w.org\/{rel}","templated":true}]}}