
{"id":6715,"date":"2026-01-02T13:11:18","date_gmt":"2026-01-02T12:11:18","guid":{"rendered":"https:\/\/www.madredediaibiza.com\/politica-privacidad\/"},"modified":"2026-04-24T10:59:02","modified_gmt":"2026-04-24T08:59:02","slug":"politica-de-privadesa","status":"publish","type":"page","link":"https:\/\/www.madredediaibiza.com\/ca\/politica-de-privadesa\/","title":{"rendered":"Pol\u00edtica de privadesa"},"content":{"rendered":"[vc_row type=&#8221;full_width_background&#8221; full_screen_row_position=&#8221;middle&#8221; column_margin=&#8221;default&#8221; column_direction=&#8221;default&#8221; column_direction_tablet=&#8221;default&#8221; column_direction_phone=&#8221;default&#8221; bg_color=&#8221;#ffffff&#8221; scene_position=&#8221;center&#8221; text_color=&#8221;dark&#8221; text_align=&#8221;left&#8221; row_border_radius=&#8221;none&#8221; row_border_radius_applies=&#8221;bg&#8221; row_position_desktop=&#8221;default&#8221; row_position_tablet=&#8221;inherit&#8221; row_position_phone=&#8221;inherit&#8221; overflow=&#8221;visible&#8221; id=&#8221;topcontacto&#8221; overlay_strength=&#8221;0.3&#8243; gradient_direction=&#8221;left_to_right&#8221; shape_divider_position=&#8221;bottom&#8221; bg_image_animation=&#8221;none&#8221; gradient_type=&#8221;default&#8221; shape_type=&#8221;&#8221;][vc_column column_padding=&#8221;no-extra-padding&#8221; column_padding_tablet=&#8221;inherit&#8221; column_padding_phone=&#8221;inherit&#8221; column_padding_position=&#8221;all&#8221; column_element_direction=&#8221;default&#8221; column_element_spacing=&#8221;default&#8221; desktop_text_alignment=&#8221;default&#8221; tablet_text_alignment=&#8221;default&#8221; phone_text_alignment=&#8221;default&#8221; background_color_opacity=&#8221;1&#8243; background_hover_color_opacity=&#8221;1&#8243; column_backdrop_filter=&#8221;none&#8221; column_shadow=&#8221;none&#8221; column_border_radius=&#8221;none&#8221; column_link_target=&#8221;_self&#8221; column_position=&#8221;default&#8221; gradient_direction=&#8221;left_to_right&#8221; overlay_strength=&#8221;0.3&#8243; width=&#8221;1\/1&#8243; tablet_width_inherit=&#8221;default&#8221; animation_type=&#8221;default&#8221; bg_image_animation=&#8221;none&#8221; border_type=&#8221;simple&#8221; column_border_width=&#8221;none&#8221; column_border_style=&#8221;solid&#8221; column_padding_type=&#8221;default&#8221; content_layout=&#8221;default&#8221; gradient_type=&#8221;default&#8221;][vc_custom_heading source=&#8221;post_title&#8221; font_container=&#8221;tag:h1|font_size:94|text_align:center|color:%23DAAB5B|line_height:90px&#8221; use_theme_fonts=&#8221;yes&#8221; css_animation=&#8221;none&#8221; css=&#8221;.vc_custom_1773058519700{padding-top: 7% !important;padding-bottom: 3% !important;}&#8221;][\/vc_column][\/vc_row][vc_row type=&#8221;full_width_background&#8221; full_screen_row_position=&#8221;middle&#8221; column_margin=&#8221;default&#8221; column_direction=&#8221;default&#8221; column_direction_tablet=&#8221;default&#8221; column_direction_phone=&#8221;default&#8221; bg_color=&#8221;#FFFFFF&#8221; scene_position=&#8221;center&#8221; bottom_padding=&#8221;80px&#8221; text_color=&#8221;dark&#8221; text_align=&#8221;left&#8221; row_border_radius=&#8221;none&#8221; row_border_radius_applies=&#8221;bg&#8221; row_position_desktop=&#8221;default&#8221; row_position_tablet=&#8221;inherit&#8221; row_position_phone=&#8221;inherit&#8221; overflow=&#8221;visible&#8221; overlay_strength=&#8221;0.3&#8243; gradient_direction=&#8221;left_to_right&#8221; shape_divider_position=&#8221;bottom&#8221; bg_image_animation=&#8221;none&#8221; gradient_type=&#8221;default&#8221; shape_type=&#8221;&#8221;][vc_column column_padding=&#8221;no-extra-padding&#8221; column_padding_tablet=&#8221;inherit&#8221; column_padding_phone=&#8221;inherit&#8221; column_padding_position=&#8221;all&#8221; flex_gap_desktop=&#8221;10px&#8221; column_element_direction=&#8221;default&#8221; column_element_spacing=&#8221;default&#8221; desktop_text_alignment=&#8221;default&#8221; tablet_text_alignment=&#8221;default&#8221; phone_text_alignment=&#8221;default&#8221; background_color_opacity=&#8221;1&#8243; background_hover_color_opacity=&#8221;1&#8243; column_backdrop_filter=&#8221;none&#8221; column_shadow=&#8221;none&#8221; column_border_radius=&#8221;none&#8221; column_link_target=&#8221;_self&#8221; column_position=&#8221;default&#8221; gradient_direction=&#8221;left_to_right&#8221; overlay_strength=&#8221;0.3&#8243; width=&#8221;1\/1&#8243; tablet_width_inherit=&#8221;default&#8221; animation_type=&#8221;default&#8221; bg_image_animation=&#8221;none&#8221; border_type=&#8221;simple&#8221; column_border_width=&#8221;none&#8221; column_border_style=&#8221;solid&#8221;][vc_column_text css=&#8221;&#8221; text_direction=&#8221;default&#8221;]<strong>1. INFORMACI\u00d3 A L&#8217;USUARI<\/strong><br \/>\n<strong>Qui \u00e9s el responsable del tractament de les teves dades personals?<\/strong><br \/>\n<strong>Victoria Tur Ribas<\/strong> \u00e9s el RESPONSABLE del tractament de les dades personals de l&#8217;USUARI i l&#8217;informa que aquestes dades seran tractades de conformitat amb el que disposa el Reglament (UE) 2016\/679, de 27 d&#8217;abril (GDPR), i la Llei Org\u00e0nica 3\/2018, de 5 de desembre (LOPDGDD).<br \/>\n<strong>Per a qu\u00e8 tractem les teves dades personals?<\/strong><br \/>\nPer mantenir una relaci\u00f3 comercial amb l&#8217;usuari. Les operacions previstes per realitzar el tractament s\u00f3n:<\/p>\n<ul>\n<li>Remissi\u00f3 de comunicacions comercials publicit\u00e0ries per e-mail, fax, SMS, MMS, xarxes socials o qualsevol altre mitj\u00e0 electr\u00f2nic o f\u00edsic, present o futur, que possibiliti realitzar comunicacions comercials. Aquestes comunicacions seran realitzades pel RESPONSABLE i estaran relacionades amb els seus productes i serveis, o dels seus col\u00b7laboradors o prove\u00efdors, amb els quals aquest hagi arribat a algun acord de promoci\u00f3. En aquest cas, els tercers mai tindran acc\u00e9s a les dades personals.<\/li>\n<li>Realitzar estudis de mercat i an\u00e0lisis estad\u00edstiques.<\/li>\n<li>Tramitar enc\u00e0rrecs, sol\u00b7licituds, donar resposta a les consultes o qualsevol tipus de petici\u00f3 que sigui realitzada per l&#8217;USUARI a trav\u00e9s de qualsevol de les formes de contacte que es posen a la seva disposici\u00f3 a la p\u00e0gina web del RESPONSABLE.<\/li>\n<li>Remetre el butllet\u00ed informatiu en l\u00ednia, sobre novetats, ofertes i promocions en la nostra activitat.<\/li>\n<\/ul>\n<p><strong>Per quin motiu podem tractar les teves dades personals?<\/strong><br \/>\nPerqu\u00e8 el tractament est\u00e0 legitimat per l&#8217;article 6 del GDPR de la seg\u00fcent forma:<\/p>\n<ul>\n<li>Amb el consentiment de l&#8217;USUARI: remissi\u00f3 de comunicacions comercials i del butllet\u00ed informatiu.<\/li>\n<li>Per inter\u00e8s leg\u00edtim del RESPONSABLE: realitzar estudis de mercat, an\u00e0lisis estad\u00edstiques, etc. i tramitar enc\u00e0rrecs, sol\u00b7licituds, etc. a petici\u00f3 de l&#8217;USUARI.<\/li>\n<\/ul>\n<p><strong>Durant quant de temps guardarem les teves dades personals?<\/strong><br \/>\nEs conservaran durant no m\u00e9s temps del necessari per mantenir la finalitat del tractament o mentre existeixin prescripcions legals que dictaminin la seva cust\u00f2dia i, quan ja no sigui necessari per a aix\u00f2, se suprimiran amb mesures de seguretat adequades per garantir l&#8217;anonimitzaci\u00f3 de les dades o la seva destrucci\u00f3 total.<br \/>\n<strong>A qui facilitem les teves dades personals?<\/strong><br \/>\nNo est\u00e0 prevista cap comunicaci\u00f3 de dades personals a tercers tret que, si fos necessari per al desenvolupament i execuci\u00f3 de les finalitats del tractament, sigui als nostres prove\u00efdors de serveis relacionats amb comunicacions, amb els quals el RESPONSABLE t\u00e9 subscrits els contractes de confidencialitat i d&#8217;encarregat de tractament exigits per la normativa vigent de privadesa.<br \/>\n<strong>Quins s\u00f3n els teus drets?<\/strong><br \/>\nEls drets que assisteixen a l&#8217;USUARI s\u00f3n:<\/p>\n<ul>\n<li>Dret a retirar el consentiment en qualsevol moment.<\/li>\n<li>Dret d&#8217;acc\u00e9s, rectificaci\u00f3, portabilitat i supressi\u00f3 de les seves dades, i de limitaci\u00f3 o oposici\u00f3 al seu tractament.<\/li>\n<li>Dret a presentar una reclamaci\u00f3 davant l&#8217;autoritat de control (www.aepd.es) si considera que el tractament no s&#8217;ajusta a la normativa vigent.<\/li>\n<\/ul>\n<p><strong>Dades de contacte per exercir els seus drets:<\/strong><br \/>\nVictoria Tur Ribas. Pol\u00edgon 9, parcel\u00b7la 229. 07830 Sant Josep de sa Talaia (Illes Balears). Email: rinconcalidocanpuvil@gmail.com<br \/>\n<strong>2. CAR\u00c0CTER OBLIGATORI O FACULTATIU DE LA INFORMACI\u00d3 FACILITADA PER L&#8217;USUARI<\/strong><br \/>\nEls USUARIS, mitjan\u00e7ant la marcaci\u00f3 de les caselles corresponents i l&#8217;entrada de dades en els camps marcats amb un asterisc (*) en el formulari de contacte o presentats en formularis de desc\u00e0rrega, accepten expressament i de forma lliure i inequ\u00edvoca que les seves dades s\u00f3n necess\u00e0ries per atendre la seva petici\u00f3 per part del prestador, sent volunt\u00e0ria la inclusi\u00f3 de dades en els camps restants. L&#8217;USUARI garanteix que les dades personals facilitades al RESPONSABLE s\u00f3n veraces i es fa responsable de comunicar qualsevol modificaci\u00f3 d&#8217;aquestes.<br \/>\nEl RESPONSABLE informa que totes les dades sol\u00b7licitades a trav\u00e9s del lloc web s\u00f3n obligat\u00f2ries, ja que s\u00f3n necess\u00e0ries per a la prestaci\u00f3 d&#8217;un servei \u00f2ptim a l&#8217;USUARI. En cas que no es facilitin totes les dades, no es garanteix que la informaci\u00f3 i serveis facilitats s&#8217;ajustin completament a les seves necessitats.<br \/>\n<strong>3. MESURES DE SEGURETAT<\/strong><br \/>\nQue de conformitat amb el que disposen les normatives vigents en protecci\u00f3 de dades personals, el RESPONSABLE est\u00e0 complint amb totes les disposicions de les normatives GDPR i LOPDGDD per al tractament de les dades personals de la seva responsabilitat, i manifestament amb els principis descrits en l&#8217;article 5 del GDPR, pels quals s\u00f3n tractats de manera l\u00edcita, lleial i transparent en relaci\u00f3 amb l&#8217;interessat i adequats, pertinents i limitats al que \u00e9s necessari en relaci\u00f3 amb les finalitats per a les quals s\u00f3n tractats.<br \/>\nEl RESPONSABLE garanteix que ha implementat pol\u00edtiques t\u00e8cniques i organitzatives apropiades per aplicar les mesures de seguretat que estableixen el GDPR i la LOPDGDD amb la finalitat de protegir els drets i llibertats dels USUARIS i els ha comunicat la informaci\u00f3 adequada perqu\u00e8 puguin exercir-los.<br \/>\nPer a m\u00e9s informaci\u00f3 sobre les garanties de privadesa, pots dirigir-te al RESPONSABLE a trav\u00e9s de Victoria Tur Ribas. Pol\u00edgon 9, parcel\u00b7la 229. 07830 Sant Josep de sa Talaia (Illes Balears). Email: rinconcalidocanpuvil@gmail.com[\/vc_column_text][\/vc_column][\/vc_row]&#8220;`<\/p>\n","protected":false},"excerpt":{"rendered":"<p>[vc_row type=&#8221;full_width_background&#8221; full_screen_row_position=&#8221;middle&#8221; column_margin=&#8221;default&#8221; column_direction=&#8221;default&#8221; column_direction_tablet=&#8221;default&#8221; column_direction_phone=&#8221;default&#8221; bg_color=&#8221;#ffffff&#8221; scene_position=&#8221;center&#8221; text_color=&#8221;dark&#8221; text_align=&#8221;left&#8221; row_border_radius=&#8221;none&#8221; row_border_radius_applies=&#8221;bg&#8221; row_position_desktop=&#8221;default&#8221; row_position_tablet=&#8221;inherit&#8221;&#8230;<\/p>\n","protected":false},"author":1,"featured_media":0,"parent":0,"menu_order":0,"comment_status":"closed","ping_status":"open","template":"","meta":{"footnotes":""},"class_list":["post-6715","page","type-page","status-publish"],"yoast_head":"<!-- This site is optimized with the Yoast SEO plugin v27.1.1 - https:\/\/yoast.com\/product\/yoast-seo-wordpress\/ -->\n<title>Pol\u00edtica de privadesa | Mare de Dia Eivissa<\/title>\n<meta name=\"description\" content=\"Consulta com protegim i tractem les dades personals a Mare de Dia Eivissa d&#039;acord amb la normativa de protecci\u00f3 de dades.\" \/>\n<meta name=\"robots\" content=\"index, follow, max-snippet:-1, max-image-preview:large, max-video-preview:-1\" \/>\n<link rel=\"canonical\" href=\"https:\/\/www.madredediaibiza.com\/ca\/politica-de-privadesa\/\" \/>\n<meta property=\"og:locale\" content=\"ca_ES\" \/>\n<meta property=\"og:type\" content=\"article\" \/>\n<meta property=\"og:title\" content=\"Pol\u00edtica de privadesa | Mare de Dia Eivissa\" \/>\n<meta property=\"og:description\" content=\"Consulta com protegim i tractem les dades personals a Mare de Dia Eivissa d&#039;acord amb la normativa de protecci\u00f3 de dades.\" \/>\n<meta property=\"og:url\" content=\"https:\/\/www.madredediaibiza.com\/ca\/politica-de-privadesa\/\" \/>\n<meta property=\"og:site_name\" content=\"Madre de d\u00eda en Ibiza\" \/>\n<meta property=\"article:modified_time\" content=\"2026-04-24T08:59:02+00:00\" \/>\n<meta property=\"og:image\" content=\"https:\/\/www.madredediaibiza.com\/wp-content\/uploads\/2026\/02\/madredediaibiza_17.webp\" \/>\n\t<meta property=\"og:image:width\" content=\"1920\" \/>\n\t<meta property=\"og:image:height\" content=\"1280\" \/>\n\t<meta property=\"og:image:type\" content=\"image\/webp\" \/>\n<meta name=\"twitter:card\" content=\"summary_large_image\" \/>\n<meta name=\"twitter:label1\" content=\"Temps estimat de lectura\" \/>\n\t<meta name=\"twitter:data1\" content=\"6 minuts\" \/>\n<script type=\"application\/ld+json\" class=\"yoast-schema-graph\">{\"@context\":\"https:\/\/schema.org\",\"@graph\":[{\"@type\":\"WebPage\",\"@id\":\"https:\/\/www.madredediaibiza.com\/ca\/politica-de-privadesa\/\",\"url\":\"https:\/\/www.madredediaibiza.com\/ca\/politica-de-privadesa\/\",\"name\":\"Pol\u00edtica de privadesa | Mare de Dia Eivissa\",\"isPartOf\":{\"@id\":\"https:\/\/www.madredediaibiza.com\/#website\"},\"datePublished\":\"2026-01-02T12:11:18+00:00\",\"dateModified\":\"2026-04-24T08:59:02+00:00\",\"description\":\"Consulta com protegim i tractem les dades personals a Mare de Dia Eivissa d'acord amb la normativa de protecci\u00f3 de dades.\",\"breadcrumb\":{\"@id\":\"https:\/\/www.madredediaibiza.com\/ca\/politica-de-privadesa\/#breadcrumb\"},\"inLanguage\":\"ca\",\"potentialAction\":[{\"@type\":\"ReadAction\",\"target\":[\"https:\/\/www.madredediaibiza.com\/ca\/politica-de-privadesa\/\"]}]},{\"@type\":\"BreadcrumbList\",\"@id\":\"https:\/\/www.madredediaibiza.com\/ca\/politica-de-privadesa\/#breadcrumb\",\"itemListElement\":[{\"@type\":\"ListItem\",\"position\":1,\"name\":\"Portada\",\"item\":\"https:\/\/www.madredediaibiza.com\/ca\/\"},{\"@type\":\"ListItem\",\"position\":2,\"name\":\"Pol\u00edtica de privadesa\"}]},{\"@type\":\"WebSite\",\"@id\":\"https:\/\/www.madredediaibiza.com\/#website\",\"url\":\"https:\/\/www.madredediaibiza.com\/\",\"name\":\"Rinc\u00f3n c\u00e1lido Can Puvil\",\"description\":\"Cuidado infantil personalizado mediante la metodolog\u00eda MONTESSORI\",\"publisher\":{\"@id\":\"https:\/\/www.madredediaibiza.com\/#organization\"},\"alternateName\":\"Rinc\u00f3n c\u00e1lido Can Puvil\",\"potentialAction\":[{\"@type\":\"SearchAction\",\"target\":{\"@type\":\"EntryPoint\",\"urlTemplate\":\"https:\/\/www.madredediaibiza.com\/?s={search_term_string}\"},\"query-input\":{\"@type\":\"PropertyValueSpecification\",\"valueRequired\":true,\"valueName\":\"search_term_string\"}}],\"inLanguage\":\"ca\"},{\"@type\":\"Organization\",\"@id\":\"https:\/\/www.madredediaibiza.com\/#organization\",\"name\":\"Rinc\u00f3n c\u00e1lido Can Puvil\",\"url\":\"https:\/\/www.madredediaibiza.com\/\",\"logo\":{\"@type\":\"ImageObject\",\"inLanguage\":\"ca\",\"@id\":\"https:\/\/www.madredediaibiza.com\/#\/schema\/logo\/image\/\",\"url\":\"https:\/\/www.madredediaibiza.com\/wp-content\/uploads\/2026\/03\/logo_footer2.png\",\"contentUrl\":\"https:\/\/www.madredediaibiza.com\/wp-content\/uploads\/2026\/03\/logo_footer2.png\",\"width\":437,\"height\":116,\"caption\":\"Rinc\u00f3n c\u00e1lido Can Puvil\"},\"image\":{\"@id\":\"https:\/\/www.madredediaibiza.com\/#\/schema\/logo\/image\/\"},\"sameAs\":[\"https:\/\/www.instagram.com\/rinconcalido_canpuvil\/\"]}]}<\/script>\n<!-- \/ Yoast SEO plugin. -->","yoast_head_json":{"title":"Pol\u00edtica de privadesa | Mare de Dia Eivissa","description":"Consulta com protegim i tractem les dades personals a Mare de Dia Eivissa d'acord amb la normativa de protecci\u00f3 de dades.","robots":{"index":"index","follow":"follow","max-snippet":"max-snippet:-1","max-image-preview":"max-image-preview:large","max-video-preview":"max-video-preview:-1"},"canonical":"https:\/\/www.madredediaibiza.com\/ca\/politica-de-privadesa\/","og_locale":"ca_ES","og_type":"article","og_title":"Pol\u00edtica de privadesa | Mare de Dia Eivissa","og_description":"Consulta com protegim i tractem les dades personals a Mare de Dia Eivissa d'acord amb la normativa de protecci\u00f3 de dades.","og_url":"https:\/\/www.madredediaibiza.com\/ca\/politica-de-privadesa\/","og_site_name":"Madre de d\u00eda en Ibiza","article_modified_time":"2026-04-24T08:59:02+00:00","og_image":[{"width":1920,"height":1280,"url":"https:\/\/www.madredediaibiza.com\/wp-content\/uploads\/2026\/02\/madredediaibiza_17.webp","type":"image\/webp"}],"twitter_card":"summary_large_image","twitter_misc":{"Temps estimat de lectura":"6 minuts"},"schema":{"@context":"https:\/\/schema.org","@graph":[{"@type":"WebPage","@id":"https:\/\/www.madredediaibiza.com\/ca\/politica-de-privadesa\/","url":"https:\/\/www.madredediaibiza.com\/ca\/politica-de-privadesa\/","name":"Pol\u00edtica de privadesa | Mare de Dia Eivissa","isPartOf":{"@id":"https:\/\/www.madredediaibiza.com\/#website"},"datePublished":"2026-01-02T12:11:18+00:00","dateModified":"2026-04-24T08:59:02+00:00","description":"Consulta com protegim i tractem les dades personals a Mare de Dia Eivissa d'acord amb la normativa de protecci\u00f3 de dades.","breadcrumb":{"@id":"https:\/\/www.madredediaibiza.com\/ca\/politica-de-privadesa\/#breadcrumb"},"inLanguage":"ca","potentialAction":[{"@type":"ReadAction","target":["https:\/\/www.madredediaibiza.com\/ca\/politica-de-privadesa\/"]}]},{"@type":"BreadcrumbList","@id":"https:\/\/www.madredediaibiza.com\/ca\/politica-de-privadesa\/#breadcrumb","itemListElement":[{"@type":"ListItem","position":1,"name":"Portada","item":"https:\/\/www.madredediaibiza.com\/ca\/"},{"@type":"ListItem","position":2,"name":"Pol\u00edtica de privadesa"}]},{"@type":"WebSite","@id":"https:\/\/www.madredediaibiza.com\/#website","url":"https:\/\/www.madredediaibiza.com\/","name":"Rinc\u00f3n c\u00e1lido Can Puvil","description":"Cuidado infantil personalizado mediante la metodolog\u00eda MONTESSORI","publisher":{"@id":"https:\/\/www.madredediaibiza.com\/#organization"},"alternateName":"Rinc\u00f3n c\u00e1lido Can Puvil","potentialAction":[{"@type":"SearchAction","target":{"@type":"EntryPoint","urlTemplate":"https:\/\/www.madredediaibiza.com\/?s={search_term_string}"},"query-input":{"@type":"PropertyValueSpecification","valueRequired":true,"valueName":"search_term_string"}}],"inLanguage":"ca"},{"@type":"Organization","@id":"https:\/\/www.madredediaibiza.com\/#organization","name":"Rinc\u00f3n c\u00e1lido Can Puvil","url":"https:\/\/www.madredediaibiza.com\/","logo":{"@type":"ImageObject","inLanguage":"ca","@id":"https:\/\/www.madredediaibiza.com\/#\/schema\/logo\/image\/","url":"https:\/\/www.madredediaibiza.com\/wp-content\/uploads\/2026\/03\/logo_footer2.png","contentUrl":"https:\/\/www.madredediaibiza.com\/wp-content\/uploads\/2026\/03\/logo_footer2.png","width":437,"height":116,"caption":"Rinc\u00f3n c\u00e1lido Can Puvil"},"image":{"@id":"https:\/\/www.madredediaibiza.com\/#\/schema\/logo\/image\/"},"sameAs":["https:\/\/www.instagram.com\/rinconcalido_canpuvil\/"]}]}},"_links":{"self":[{"href":"https:\/\/www.madredediaibiza.com\/ca\/wp-json\/wp\/v2\/pages\/6715","targetHints":{"allow":["GET"]}}],"collection":[{"href":"https:\/\/www.madredediaibiza.com\/ca\/wp-json\/wp\/v2\/pages"}],"about":[{"href":"https:\/\/www.madredediaibiza.com\/ca\/wp-json\/wp\/v2\/types\/page"}],"author":[{"embeddable":true,"href":"https:\/\/www.madredediaibiza.com\/ca\/wp-json\/wp\/v2\/users\/1"}],"replies":[{"embeddable":true,"href":"https:\/\/www.madredediaibiza.com\/ca\/wp-json\/wp\/v2\/comments?post=6715"}],"version-history":[{"count":1,"href":"https:\/\/www.madredediaibiza.com\/ca\/wp-json\/wp\/v2\/pages\/6715\/revisions"}],"predecessor-version":[{"id":6726,"href":"https:\/\/www.madredediaibiza.com\/ca\/wp-json\/wp\/v2\/pages\/6715\/revisions\/6726"}],"wp:attachment":[{"href":"https:\/\/www.madredediaibiza.com\/ca\/wp-json\/wp\/v2\/media?parent=6715"}],"curies":[{"name":"wp","href":"https:\/\/api.w.org\/{rel}","templated":true}]}}