
{"id":6683,"date":"2026-03-06T11:22:00","date_gmt":"2026-03-06T10:22:00","guid":{"rendered":"https:\/\/www.madredediaibiza.com\/galeria\/"},"modified":"2026-04-24T10:57:36","modified_gmt":"2026-04-24T08:57:36","slug":"galeria","status":"publish","type":"page","link":"https:\/\/www.madredediaibiza.com\/ca\/galeria\/","title":{"rendered":"Galeria"},"content":{"rendered":"[vc_row type=&#8221;in_container&#8221; full_screen_row_position=&#8221;middle&#8221; column_margin=&#8221;default&#8221; column_direction=&#8221;default&#8221; column_direction_tablet=&#8221;default&#8221; column_direction_phone=&#8221;default&#8221; scene_position=&#8221;center&#8221; text_color=&#8221;dark&#8221; text_align=&#8221;left&#8221; row_border_radius=&#8221;none&#8221; row_border_radius_applies=&#8221;bg&#8221; row_position_desktop=&#8221;default&#8221; row_position_tablet=&#8221;inherit&#8221; row_position_phone=&#8221;inherit&#8221; overflow=&#8221;visible&#8221; overlay_strength=&#8221;0.3&#8243; gradient_direction=&#8221;left_to_right&#8221; shape_divider_position=&#8221;bottom&#8221; bg_image_animation=&#8221;none&#8221; gradient_type=&#8221;default&#8221; shape_type=&#8221;&#8221;][vc_column column_padding=&#8221;no-extra-padding&#8221; column_padding_tablet=&#8221;inherit&#8221; column_padding_phone=&#8221;inherit&#8221; column_padding_position=&#8221;all&#8221; flex_gap_desktop=&#8221;10px&#8221; column_element_direction_desktop=&#8221;default&#8221; column_element_spacing=&#8221;default&#8221; desktop_text_alignment=&#8221;default&#8221; tablet_text_alignment=&#8221;default&#8221; phone_text_alignment=&#8221;default&#8221; background_color_opacity=&#8221;1&#8243; background_hover_color_opacity=&#8221;1&#8243; column_backdrop_filter=&#8221;none&#8221; column_shadow=&#8221;none&#8221; column_border_radius=&#8221;none&#8221; column_link_target=&#8221;_self&#8221; column_position=&#8221;default&#8221; gradient_direction=&#8221;left_to_right&#8221; overlay_strength=&#8221;0.3&#8243; width=&#8221;1\/1&#8243; tablet_width_inherit=&#8221;default&#8221; animation_type=&#8221;default&#8221; bg_image_animation=&#8221;none&#8221; border_type=&#8221;simple&#8221; column_border_width=&#8221;none&#8221; column_border_style=&#8221;solid&#8221;][vc_custom_heading text=&#8221;Galeria&#8221; font_container=&#8221;tag:h1|font_size:94|text_align:center|color:%23DAAC5B|line_height:90px&#8221; use_theme_fonts=&#8221;yes&#8221; css_animation=&#8221;none&#8221; css=&#8221;.vc_custom_1777017425517{margin-bottom: -10px !important;padding-top: 7% !important;padding-bottom: 7% !important;}&#8221;][vc_gallery css=&#8221;&#8221; type=&#8221;image_grid&#8221; images=&#8221;6691,6708,6712,6703,6686,6687,6689,6685,6692,6713,6711,6694,6695,6696,6697,6698,6699,6700,6701,6702,6693,6704,6684,6705,6706,6707,6709,6710,6665&#8243; image_grid_loading=&#8221;default&#8221; layout=&#8221;fullwidth&#8221; masonry_style=&#8221;true&#8221; bypass_image_cropping=&#8221;true&#8221; item_spacing=&#8221;1px&#8221; gallery_style=&#8221;7&#8243; load_in_animation=&#8221;none&#8221;][\/vc_column][\/vc_row]\n","protected":false},"excerpt":{"rendered":"<p>[vc_row type=&#8221;in_container&#8221; full_screen_row_position=&#8221;middle&#8221; column_margin=&#8221;default&#8221; column_direction=&#8221;default&#8221; column_direction_tablet=&#8221;default&#8221; column_direction_phone=&#8221;default&#8221; scene_position=&#8221;center&#8221; text_color=&#8221;dark&#8221; text_align=&#8221;left&#8221; row_border_radius=&#8221;none&#8221; row_border_radius_applies=&#8221;bg&#8221; row_position_desktop=&#8221;default&#8221; row_position_tablet=&#8221;inherit&#8221; row_position_phone=&#8221;inherit&#8221;&#8230;<\/p>\n","protected":false},"author":1,"featured_media":0,"parent":0,"menu_order":0,"comment_status":"closed","ping_status":"closed","template":"","meta":{"footnotes":""},"class_list":["post-6683","page","type-page","status-publish"],"yoast_head":"<!-- This site is optimized with the Yoast SEO plugin v27.1.1 - https:\/\/yoast.com\/product\/yoast-seo-wordpress\/ -->\n<title>Galeria | Vida di\u00e0ria a Mare de Dia Eivissa<\/title>\n<meta name=\"description\" content=\"Imatges del dia a dia al nostre espai de crian\u00e7a a Eivissa: jocs, natura, aprenentatge i moments compartits.\" \/>\n<meta name=\"robots\" content=\"index, follow, max-snippet:-1, max-image-preview:large, max-video-preview:-1\" \/>\n<link rel=\"canonical\" href=\"https:\/\/www.madredediaibiza.com\/ca\/galeria\/\" \/>\n<meta property=\"og:locale\" content=\"ca_ES\" \/>\n<meta property=\"og:type\" content=\"article\" \/>\n<meta property=\"og:title\" content=\"Galeria | Vida di\u00e0ria a Mare de Dia Eivissa\" \/>\n<meta property=\"og:description\" content=\"Imatges del dia a dia al nostre espai de crian\u00e7a a Eivissa: jocs, natura, aprenentatge i moments compartits.\" \/>\n<meta property=\"og:url\" content=\"https:\/\/www.madredediaibiza.com\/ca\/galeria\/\" \/>\n<meta property=\"og:site_name\" content=\"Madre de d\u00eda en Ibiza\" \/>\n<meta property=\"article:modified_time\" content=\"2026-04-24T08:57:36+00:00\" \/>\n<meta property=\"og:image\" content=\"https:\/\/www.madredediaibiza.com\/wp-content\/uploads\/2026\/02\/madredediaibiza_17.webp\" \/>\n\t<meta property=\"og:image:width\" content=\"1920\" \/>\n\t<meta property=\"og:image:height\" content=\"1280\" \/>\n\t<meta property=\"og:image:type\" content=\"image\/webp\" \/>\n<meta name=\"twitter:card\" content=\"summary_large_image\" \/>\n<meta name=\"twitter:label1\" content=\"Temps estimat de lectura\" \/>\n\t<meta name=\"twitter:data1\" content=\"1 minut\" \/>\n<script type=\"application\/ld+json\" class=\"yoast-schema-graph\">{\"@context\":\"https:\/\/schema.org\",\"@graph\":[{\"@type\":\"WebPage\",\"@id\":\"https:\/\/www.madredediaibiza.com\/ca\/galeria\/\",\"url\":\"https:\/\/www.madredediaibiza.com\/ca\/galeria\/\",\"name\":\"Galeria | Vida di\u00e0ria a Mare de Dia Eivissa\",\"isPartOf\":{\"@id\":\"https:\/\/www.madredediaibiza.com\/#website\"},\"datePublished\":\"2026-03-06T10:22:00+00:00\",\"dateModified\":\"2026-04-24T08:57:36+00:00\",\"description\":\"Imatges del dia a dia al nostre espai de crian\u00e7a a Eivissa: jocs, natura, aprenentatge i moments compartits.\",\"breadcrumb\":{\"@id\":\"https:\/\/www.madredediaibiza.com\/ca\/galeria\/#breadcrumb\"},\"inLanguage\":\"ca\",\"potentialAction\":[{\"@type\":\"ReadAction\",\"target\":[\"https:\/\/www.madredediaibiza.com\/ca\/galeria\/\"]}]},{\"@type\":\"BreadcrumbList\",\"@id\":\"https:\/\/www.madredediaibiza.com\/ca\/galeria\/#breadcrumb\",\"itemListElement\":[{\"@type\":\"ListItem\",\"position\":1,\"name\":\"Portada\",\"item\":\"https:\/\/www.madredediaibiza.com\/ca\/\"},{\"@type\":\"ListItem\",\"position\":2,\"name\":\"Galeria\"}]},{\"@type\":\"WebSite\",\"@id\":\"https:\/\/www.madredediaibiza.com\/#website\",\"url\":\"https:\/\/www.madredediaibiza.com\/\",\"name\":\"Rinc\u00f3n c\u00e1lido Can Puvil\",\"description\":\"Cuidado infantil personalizado mediante la metodolog\u00eda MONTESSORI\",\"publisher\":{\"@id\":\"https:\/\/www.madredediaibiza.com\/#organization\"},\"alternateName\":\"Rinc\u00f3n c\u00e1lido Can Puvil\",\"potentialAction\":[{\"@type\":\"SearchAction\",\"target\":{\"@type\":\"EntryPoint\",\"urlTemplate\":\"https:\/\/www.madredediaibiza.com\/?s={search_term_string}\"},\"query-input\":{\"@type\":\"PropertyValueSpecification\",\"valueRequired\":true,\"valueName\":\"search_term_string\"}}],\"inLanguage\":\"ca\"},{\"@type\":\"Organization\",\"@id\":\"https:\/\/www.madredediaibiza.com\/#organization\",\"name\":\"Rinc\u00f3n c\u00e1lido Can Puvil\",\"url\":\"https:\/\/www.madredediaibiza.com\/\",\"logo\":{\"@type\":\"ImageObject\",\"inLanguage\":\"ca\",\"@id\":\"https:\/\/www.madredediaibiza.com\/#\/schema\/logo\/image\/\",\"url\":\"https:\/\/www.madredediaibiza.com\/wp-content\/uploads\/2026\/03\/logo_footer2.png\",\"contentUrl\":\"https:\/\/www.madredediaibiza.com\/wp-content\/uploads\/2026\/03\/logo_footer2.png\",\"width\":437,\"height\":116,\"caption\":\"Rinc\u00f3n c\u00e1lido Can Puvil\"},\"image\":{\"@id\":\"https:\/\/www.madredediaibiza.com\/#\/schema\/logo\/image\/\"},\"sameAs\":[\"https:\/\/www.instagram.com\/rinconcalido_canpuvil\/\"]}]}<\/script>\n<!-- \/ Yoast SEO plugin. -->","yoast_head_json":{"title":"Galeria | Vida di\u00e0ria a Mare de Dia Eivissa","description":"Imatges del dia a dia al nostre espai de crian\u00e7a a Eivissa: jocs, natura, aprenentatge i moments compartits.","robots":{"index":"index","follow":"follow","max-snippet":"max-snippet:-1","max-image-preview":"max-image-preview:large","max-video-preview":"max-video-preview:-1"},"canonical":"https:\/\/www.madredediaibiza.com\/ca\/galeria\/","og_locale":"ca_ES","og_type":"article","og_title":"Galeria | Vida di\u00e0ria a Mare de Dia Eivissa","og_description":"Imatges del dia a dia al nostre espai de crian\u00e7a a Eivissa: jocs, natura, aprenentatge i moments compartits.","og_url":"https:\/\/www.madredediaibiza.com\/ca\/galeria\/","og_site_name":"Madre de d\u00eda en Ibiza","article_modified_time":"2026-04-24T08:57:36+00:00","og_image":[{"width":1920,"height":1280,"url":"https:\/\/www.madredediaibiza.com\/wp-content\/uploads\/2026\/02\/madredediaibiza_17.webp","type":"image\/webp"}],"twitter_card":"summary_large_image","twitter_misc":{"Temps estimat de lectura":"1 minut"},"schema":{"@context":"https:\/\/schema.org","@graph":[{"@type":"WebPage","@id":"https:\/\/www.madredediaibiza.com\/ca\/galeria\/","url":"https:\/\/www.madredediaibiza.com\/ca\/galeria\/","name":"Galeria | Vida di\u00e0ria a Mare de Dia Eivissa","isPartOf":{"@id":"https:\/\/www.madredediaibiza.com\/#website"},"datePublished":"2026-03-06T10:22:00+00:00","dateModified":"2026-04-24T08:57:36+00:00","description":"Imatges del dia a dia al nostre espai de crian\u00e7a a Eivissa: jocs, natura, aprenentatge i moments compartits.","breadcrumb":{"@id":"https:\/\/www.madredediaibiza.com\/ca\/galeria\/#breadcrumb"},"inLanguage":"ca","potentialAction":[{"@type":"ReadAction","target":["https:\/\/www.madredediaibiza.com\/ca\/galeria\/"]}]},{"@type":"BreadcrumbList","@id":"https:\/\/www.madredediaibiza.com\/ca\/galeria\/#breadcrumb","itemListElement":[{"@type":"ListItem","position":1,"name":"Portada","item":"https:\/\/www.madredediaibiza.com\/ca\/"},{"@type":"ListItem","position":2,"name":"Galeria"}]},{"@type":"WebSite","@id":"https:\/\/www.madredediaibiza.com\/#website","url":"https:\/\/www.madredediaibiza.com\/","name":"Rinc\u00f3n c\u00e1lido Can Puvil","description":"Cuidado infantil personalizado mediante la metodolog\u00eda MONTESSORI","publisher":{"@id":"https:\/\/www.madredediaibiza.com\/#organization"},"alternateName":"Rinc\u00f3n c\u00e1lido Can Puvil","potentialAction":[{"@type":"SearchAction","target":{"@type":"EntryPoint","urlTemplate":"https:\/\/www.madredediaibiza.com\/?s={search_term_string}"},"query-input":{"@type":"PropertyValueSpecification","valueRequired":true,"valueName":"search_term_string"}}],"inLanguage":"ca"},{"@type":"Organization","@id":"https:\/\/www.madredediaibiza.com\/#organization","name":"Rinc\u00f3n c\u00e1lido Can Puvil","url":"https:\/\/www.madredediaibiza.com\/","logo":{"@type":"ImageObject","inLanguage":"ca","@id":"https:\/\/www.madredediaibiza.com\/#\/schema\/logo\/image\/","url":"https:\/\/www.madredediaibiza.com\/wp-content\/uploads\/2026\/03\/logo_footer2.png","contentUrl":"https:\/\/www.madredediaibiza.com\/wp-content\/uploads\/2026\/03\/logo_footer2.png","width":437,"height":116,"caption":"Rinc\u00f3n c\u00e1lido Can Puvil"},"image":{"@id":"https:\/\/www.madredediaibiza.com\/#\/schema\/logo\/image\/"},"sameAs":["https:\/\/www.instagram.com\/rinconcalido_canpuvil\/"]}]}},"_links":{"self":[{"href":"https:\/\/www.madredediaibiza.com\/ca\/wp-json\/wp\/v2\/pages\/6683","targetHints":{"allow":["GET"]}}],"collection":[{"href":"https:\/\/www.madredediaibiza.com\/ca\/wp-json\/wp\/v2\/pages"}],"about":[{"href":"https:\/\/www.madredediaibiza.com\/ca\/wp-json\/wp\/v2\/types\/page"}],"author":[{"embeddable":true,"href":"https:\/\/www.madredediaibiza.com\/ca\/wp-json\/wp\/v2\/users\/1"}],"replies":[{"embeddable":true,"href":"https:\/\/www.madredediaibiza.com\/ca\/wp-json\/wp\/v2\/comments?post=6683"}],"version-history":[{"count":4,"href":"https:\/\/www.madredediaibiza.com\/ca\/wp-json\/wp\/v2\/pages\/6683\/revisions"}],"predecessor-version":[{"id":6732,"href":"https:\/\/www.madredediaibiza.com\/ca\/wp-json\/wp\/v2\/pages\/6683\/revisions\/6732"}],"wp:attachment":[{"href":"https:\/\/www.madredediaibiza.com\/ca\/wp-json\/wp\/v2\/media?parent=6683"}],"curies":[{"name":"wp","href":"https:\/\/api.w.org\/{rel}","templated":true}]}}