
{"id":6631,"date":"2026-02-02T17:14:14","date_gmt":"2026-02-02T16:14:14","guid":{"rendered":"https:\/\/www.madredediaibiza.com\/la-casita\/"},"modified":"2026-04-24T10:58:06","modified_gmt":"2026-04-24T08:58:06","slug":"la-caseta","status":"publish","type":"page","link":"https:\/\/www.madredediaibiza.com\/ca\/la-caseta\/","title":{"rendered":"La caseta"},"content":{"rendered":"[vc_row type=&#8221;full_width_background&#8221; full_screen_row_position=&#8221;middle&#8221; column_margin=&#8221;default&#8221; column_direction=&#8221;default&#8221; column_direction_tablet=&#8221;default&#8221; column_direction_phone=&#8221;default&#8221; bg_color=&#8221;#ffffff&#8221; scene_position=&#8221;center&#8221; text_color=&#8221;dark&#8221; text_align=&#8221;left&#8221; row_border_radius=&#8221;none&#8221; row_border_radius_applies=&#8221;bg&#8221; row_position_desktop=&#8221;default&#8221; row_position_tablet=&#8221;inherit&#8221; row_position_phone=&#8221;inherit&#8221; overflow=&#8221;visible&#8221; overlay_strength=&#8221;0.3&#8243; gradient_direction=&#8221;left_to_right&#8221; shape_divider_position=&#8221;bottom&#8221; bg_image_animation=&#8221;none&#8221; gradient_type=&#8221;default&#8221; shape_type=&#8221;&#8221;][vc_column column_padding=&#8221;no-extra-padding&#8221; column_padding_tablet=&#8221;inherit&#8221; column_padding_phone=&#8221;inherit&#8221; column_padding_position=&#8221;all&#8221; column_element_direction_desktop=&#8221;default&#8221; column_element_spacing=&#8221;default&#8221; desktop_text_alignment=&#8221;default&#8221; tablet_text_alignment=&#8221;default&#8221; phone_text_alignment=&#8221;default&#8221; background_color_opacity=&#8221;1&#8243; background_hover_color_opacity=&#8221;1&#8243; column_backdrop_filter=&#8221;none&#8221; column_shadow=&#8221;none&#8221; column_border_radius=&#8221;none&#8221; column_link_target=&#8221;_self&#8221; column_position=&#8221;default&#8221; gradient_direction=&#8221;left_to_right&#8221; overlay_strength=&#8221;0.3&#8243; width=&#8221;1\/1&#8243; tablet_width_inherit=&#8221;default&#8221; animation_type=&#8221;default&#8221; bg_image_animation=&#8221;none&#8221; border_type=&#8221;simple&#8221; column_border_width=&#8221;none&#8221; column_border_style=&#8221;solid&#8221; column_padding_type=&#8221;default&#8221; content_layout=&#8221;default&#8221; gradient_type=&#8221;default&#8221;][vc_custom_heading text=&#8221;Nuestros d\u00edas&#8221; font_container=&#8221;tag:h1|font_size:94|text_align:center|color:%23DAAB5B|line_height:90px&#8221; use_theme_fonts=&#8221;yes&#8221; css_animation=&#8221;none&#8221; css=&#8221;.vc_custom_1772785421400{margin-bottom: -10px !important;padding-top: 7% !important;padding-bottom: 7% !important;}&#8221;][vc_column_text css=&#8221;.vc_custom_1772615997047{margin-top: -8px !important;margin-bottom: -8px !important;}&#8221; text_direction=&#8221;ltr&#8221;]\n<h2 style=\"text-align: center;\">Cada d\u00eda, una nueva aventura.<\/h2>\n[\/vc_column_text][vc_column_text css=&#8221;.vc_custom_1772624474943{padding-top: 2% !important;padding-bottom: 2% !important;}&#8221; text_direction=&#8221;default&#8221;]\n<p style=\"text-align: center;\">Un vistazo a c\u00f3mo transcurre la vida en Can Puvil. Actividades pensadas, momentos espont\u00e1neos, naturaleza y calma.<\/p>\n[\/vc_column_text][\/vc_column][\/vc_row][vc_row type=&#8221;full_width_content&#8221; full_screen_row_position=&#8221;middle&#8221; column_margin=&#8221;default&#8221; column_direction=&#8221;default&#8221; column_direction_tablet=&#8221;default&#8221; column_direction_phone=&#8221;default&#8221; bg_color=&#8221;#FFFFFF&#8221; scene_position=&#8221;center&#8221; text_color=&#8221;dark&#8221; text_align=&#8221;left&#8221; row_border_radius=&#8221;none&#8221; row_border_radius_applies=&#8221;bg&#8221; row_position_desktop=&#8221;default&#8221; row_position_tablet=&#8221;inherit&#8221; row_position_phone=&#8221;inherit&#8221; overflow=&#8221;visible&#8221; overlay_strength=&#8221;0.3&#8243; gradient_direction=&#8221;left_to_right&#8221; shape_divider_position=&#8221;bottom&#8221; bg_image_animation=&#8221;none&#8221; shape_type=&#8221;&#8221; gradient_type=&#8221;default&#8221;][vc_column column_padding=&#8221;no-extra-padding&#8221; column_padding_tablet=&#8221;inherit&#8221; column_padding_phone=&#8221;inherit&#8221; column_padding_position=&#8221;all&#8221; flex_gap_desktop=&#8221;10px&#8221; column_element_direction_desktop=&#8221;default&#8221; column_element_spacing=&#8221;default&#8221; desktop_text_alignment=&#8221;default&#8221; tablet_text_alignment=&#8221;default&#8221; phone_text_alignment=&#8221;default&#8221; background_color_opacity=&#8221;1&#8243; background_hover_color_opacity=&#8221;1&#8243; column_backdrop_filter=&#8221;none&#8221; column_shadow=&#8221;none&#8221; column_border_radius=&#8221;none&#8221; column_link_target=&#8221;_self&#8221; column_position=&#8221;default&#8221; gradient_direction=&#8221;left_to_right&#8221; overlay_strength=&#8221;0.3&#8243; width=&#8221;1\/1&#8243; tablet_width_inherit=&#8221;default&#8221; animation_type=&#8221;default&#8221; bg_image_animation=&#8221;none&#8221; border_type=&#8221;simple&#8221; column_border_width=&#8221;none&#8221; column_border_style=&#8221;solid&#8221;][nectar_post_grid post_type=&#8221;post&#8221; blog_category=&#8221;all&#8221; blog_starting_category=&#8221;all&#8221; order=&#8221;DESC&#8221; orderby=&#8221;rand&#8221; pagination=&#8221;none&#8221; columns=&#8221;4&#8243; columns_tablet=&#8221;default&#8221; columns_phone=&#8221;default&#8221; grid_item_spacing=&#8221;15px&#8221; grid_item_height=&#8221;30vh&#8221; enable_sortable=&#8221;yes&#8221; sortable_alignment=&#8221;default&#8221; sortable_color=&#8221;extra-color-2&#8243; enable_masonry=&#8221;yes&#8221; 4_col_masonry_layout=&#8221;mixed&#8221; image_size=&#8221;large&#8221; image_loading=&#8221;lazy-load&#8221; animation=&#8221;none&#8221; animation_stagger=&#8221;90&#8243; animation_easing=&#8221;default&#8221; heading_tag=&#8221;default&#8221; heading_tag_render=&#8221;default&#8221; display_categories=&#8221;yes&#8221; category_functionality=&#8221;default&#8221; category_position=&#8221;default&#8221; category_style=&#8221;underline&#8221; category_display=&#8221;default&#8221; additional_meta_size=&#8221;default&#8221; custom_fields_location=&#8221;before_post_meta&#8221; grid_style=&#8221;content_overlaid&#8221; text_content_layout=&#8221;all_bottom_left_shadow&#8221; color_overlay_opacity=&#8221;0&#8243; color_overlay_hover_opacity=&#8221;0&#8243; text_color=&#8221;light&#8221; light_text_color=&#8221;#FFFFFF&#8221; text_color_hover=&#8221;light&#8221; light_text_color_hover=&#8221;#DAAB5B&#8221; text_opacity=&#8221;1&#8243; text_hover_opacity=&#8221;1&#8243; hover_effect=&#8221;slow_zoom&#8221; border_radius=&#8221;5px&#8221; shadow_on_hover=&#8221;yes&#8221; meta_visibility=&#8221;always&#8221; posts_per_page=&#8221;20&#8243; display_type=&#8221;grid&#8221;][\/vc_column][\/vc_row]\n","protected":false},"excerpt":{"rendered":"<p>[vc_row type=&#8221;full_width_background&#8221; full_screen_row_position=&#8221;middle&#8221; column_margin=&#8221;default&#8221; column_direction=&#8221;default&#8221; column_direction_tablet=&#8221;default&#8221; column_direction_phone=&#8221;default&#8221; bg_color=&#8221;#ffffff&#8221; scene_position=&#8221;center&#8221; text_color=&#8221;dark&#8221; text_align=&#8221;left&#8221; row_border_radius=&#8221;none&#8221; row_border_radius_applies=&#8221;bg&#8221; row_position_desktop=&#8221;default&#8221; row_position_tablet=&#8221;inherit&#8221;&#8230;<\/p>\n","protected":false},"author":1,"featured_media":0,"parent":0,"menu_order":0,"comment_status":"closed","ping_status":"closed","template":"","meta":{"footnotes":""},"class_list":["post-6631","page","type-page","status-publish"],"yoast_head":"<!-- This site is optimized with the Yoast SEO plugin v27.1.1 - https:\/\/yoast.com\/product\/yoast-seo-wordpress\/ -->\n<title>La caseta | Espai de crian\u00e7a a Eivissa<\/title>\n<meta name=\"description\" content=\"Coneix la caseta on acompanyem els infants: un entorn segur, acollidor i preparat per al joc i l&#039;aprenentatge.\" \/>\n<meta name=\"robots\" content=\"index, follow, max-snippet:-1, max-image-preview:large, max-video-preview:-1\" \/>\n<link rel=\"canonical\" href=\"https:\/\/www.madredediaibiza.com\/ca\/la-caseta\/\" \/>\n<meta property=\"og:locale\" content=\"ca_ES\" \/>\n<meta property=\"og:type\" content=\"article\" \/>\n<meta property=\"og:title\" content=\"La caseta | Espai de crian\u00e7a a Eivissa\" \/>\n<meta property=\"og:description\" content=\"Coneix la caseta on acompanyem els infants: un entorn segur, acollidor i preparat per al joc i l&#039;aprenentatge.\" \/>\n<meta property=\"og:url\" content=\"https:\/\/www.madredediaibiza.com\/ca\/la-caseta\/\" \/>\n<meta property=\"og:site_name\" content=\"Madre de d\u00eda en Ibiza\" \/>\n<meta property=\"article:modified_time\" content=\"2026-04-24T08:58:06+00:00\" \/>\n<meta property=\"og:image\" content=\"https:\/\/www.madredediaibiza.com\/wp-content\/uploads\/2026\/02\/madredediaibiza_17.webp\" \/>\n\t<meta property=\"og:image:width\" content=\"1920\" \/>\n\t<meta property=\"og:image:height\" content=\"1280\" \/>\n\t<meta property=\"og:image:type\" content=\"image\/webp\" \/>\n<meta name=\"twitter:card\" content=\"summary_large_image\" \/>\n<meta name=\"twitter:label1\" content=\"Temps estimat de lectura\" \/>\n\t<meta name=\"twitter:data1\" content=\"3 minuts\" \/>\n<script type=\"application\/ld+json\" class=\"yoast-schema-graph\">{\"@context\":\"https:\/\/schema.org\",\"@graph\":[{\"@type\":\"WebPage\",\"@id\":\"https:\/\/www.madredediaibiza.com\/ca\/la-caseta\/\",\"url\":\"https:\/\/www.madredediaibiza.com\/ca\/la-caseta\/\",\"name\":\"La caseta | Espai de crian\u00e7a a Eivissa\",\"isPartOf\":{\"@id\":\"https:\/\/www.madredediaibiza.com\/#website\"},\"datePublished\":\"2026-02-02T16:14:14+00:00\",\"dateModified\":\"2026-04-24T08:58:06+00:00\",\"description\":\"Coneix la caseta on acompanyem els infants: un entorn segur, acollidor i preparat per al joc i l'aprenentatge.\",\"breadcrumb\":{\"@id\":\"https:\/\/www.madredediaibiza.com\/ca\/la-caseta\/#breadcrumb\"},\"inLanguage\":\"ca\",\"potentialAction\":[{\"@type\":\"ReadAction\",\"target\":[\"https:\/\/www.madredediaibiza.com\/ca\/la-caseta\/\"]}]},{\"@type\":\"BreadcrumbList\",\"@id\":\"https:\/\/www.madredediaibiza.com\/ca\/la-caseta\/#breadcrumb\",\"itemListElement\":[{\"@type\":\"ListItem\",\"position\":1,\"name\":\"Portada\",\"item\":\"https:\/\/www.madredediaibiza.com\/ca\/\"},{\"@type\":\"ListItem\",\"position\":2,\"name\":\"La caseta\"}]},{\"@type\":\"WebSite\",\"@id\":\"https:\/\/www.madredediaibiza.com\/#website\",\"url\":\"https:\/\/www.madredediaibiza.com\/\",\"name\":\"Rinc\u00f3n c\u00e1lido Can Puvil\",\"description\":\"Cuidado infantil personalizado mediante la metodolog\u00eda MONTESSORI\",\"publisher\":{\"@id\":\"https:\/\/www.madredediaibiza.com\/#organization\"},\"alternateName\":\"Rinc\u00f3n c\u00e1lido Can Puvil\",\"potentialAction\":[{\"@type\":\"SearchAction\",\"target\":{\"@type\":\"EntryPoint\",\"urlTemplate\":\"https:\/\/www.madredediaibiza.com\/?s={search_term_string}\"},\"query-input\":{\"@type\":\"PropertyValueSpecification\",\"valueRequired\":true,\"valueName\":\"search_term_string\"}}],\"inLanguage\":\"ca\"},{\"@type\":\"Organization\",\"@id\":\"https:\/\/www.madredediaibiza.com\/#organization\",\"name\":\"Rinc\u00f3n c\u00e1lido Can Puvil\",\"url\":\"https:\/\/www.madredediaibiza.com\/\",\"logo\":{\"@type\":\"ImageObject\",\"inLanguage\":\"ca\",\"@id\":\"https:\/\/www.madredediaibiza.com\/#\/schema\/logo\/image\/\",\"url\":\"https:\/\/www.madredediaibiza.com\/wp-content\/uploads\/2026\/03\/logo_footer2.png\",\"contentUrl\":\"https:\/\/www.madredediaibiza.com\/wp-content\/uploads\/2026\/03\/logo_footer2.png\",\"width\":437,\"height\":116,\"caption\":\"Rinc\u00f3n c\u00e1lido Can Puvil\"},\"image\":{\"@id\":\"https:\/\/www.madredediaibiza.com\/#\/schema\/logo\/image\/\"},\"sameAs\":[\"https:\/\/www.instagram.com\/rinconcalido_canpuvil\/\"]}]}<\/script>\n<!-- \/ Yoast SEO plugin. -->","yoast_head_json":{"title":"La caseta | Espai de crian\u00e7a a Eivissa","description":"Coneix la caseta on acompanyem els infants: un entorn segur, acollidor i preparat per al joc i l'aprenentatge.","robots":{"index":"index","follow":"follow","max-snippet":"max-snippet:-1","max-image-preview":"max-image-preview:large","max-video-preview":"max-video-preview:-1"},"canonical":"https:\/\/www.madredediaibiza.com\/ca\/la-caseta\/","og_locale":"ca_ES","og_type":"article","og_title":"La caseta | Espai de crian\u00e7a a Eivissa","og_description":"Coneix la caseta on acompanyem els infants: un entorn segur, acollidor i preparat per al joc i l'aprenentatge.","og_url":"https:\/\/www.madredediaibiza.com\/ca\/la-caseta\/","og_site_name":"Madre de d\u00eda en Ibiza","article_modified_time":"2026-04-24T08:58:06+00:00","og_image":[{"width":1920,"height":1280,"url":"https:\/\/www.madredediaibiza.com\/wp-content\/uploads\/2026\/02\/madredediaibiza_17.webp","type":"image\/webp"}],"twitter_card":"summary_large_image","twitter_misc":{"Temps estimat de lectura":"3 minuts"},"schema":{"@context":"https:\/\/schema.org","@graph":[{"@type":"WebPage","@id":"https:\/\/www.madredediaibiza.com\/ca\/la-caseta\/","url":"https:\/\/www.madredediaibiza.com\/ca\/la-caseta\/","name":"La caseta | Espai de crian\u00e7a a Eivissa","isPartOf":{"@id":"https:\/\/www.madredediaibiza.com\/#website"},"datePublished":"2026-02-02T16:14:14+00:00","dateModified":"2026-04-24T08:58:06+00:00","description":"Coneix la caseta on acompanyem els infants: un entorn segur, acollidor i preparat per al joc i l'aprenentatge.","breadcrumb":{"@id":"https:\/\/www.madredediaibiza.com\/ca\/la-caseta\/#breadcrumb"},"inLanguage":"ca","potentialAction":[{"@type":"ReadAction","target":["https:\/\/www.madredediaibiza.com\/ca\/la-caseta\/"]}]},{"@type":"BreadcrumbList","@id":"https:\/\/www.madredediaibiza.com\/ca\/la-caseta\/#breadcrumb","itemListElement":[{"@type":"ListItem","position":1,"name":"Portada","item":"https:\/\/www.madredediaibiza.com\/ca\/"},{"@type":"ListItem","position":2,"name":"La caseta"}]},{"@type":"WebSite","@id":"https:\/\/www.madredediaibiza.com\/#website","url":"https:\/\/www.madredediaibiza.com\/","name":"Rinc\u00f3n c\u00e1lido Can Puvil","description":"Cuidado infantil personalizado mediante la metodolog\u00eda MONTESSORI","publisher":{"@id":"https:\/\/www.madredediaibiza.com\/#organization"},"alternateName":"Rinc\u00f3n c\u00e1lido Can Puvil","potentialAction":[{"@type":"SearchAction","target":{"@type":"EntryPoint","urlTemplate":"https:\/\/www.madredediaibiza.com\/?s={search_term_string}"},"query-input":{"@type":"PropertyValueSpecification","valueRequired":true,"valueName":"search_term_string"}}],"inLanguage":"ca"},{"@type":"Organization","@id":"https:\/\/www.madredediaibiza.com\/#organization","name":"Rinc\u00f3n c\u00e1lido Can Puvil","url":"https:\/\/www.madredediaibiza.com\/","logo":{"@type":"ImageObject","inLanguage":"ca","@id":"https:\/\/www.madredediaibiza.com\/#\/schema\/logo\/image\/","url":"https:\/\/www.madredediaibiza.com\/wp-content\/uploads\/2026\/03\/logo_footer2.png","contentUrl":"https:\/\/www.madredediaibiza.com\/wp-content\/uploads\/2026\/03\/logo_footer2.png","width":437,"height":116,"caption":"Rinc\u00f3n c\u00e1lido Can Puvil"},"image":{"@id":"https:\/\/www.madredediaibiza.com\/#\/schema\/logo\/image\/"},"sameAs":["https:\/\/www.instagram.com\/rinconcalido_canpuvil\/"]}]}},"_links":{"self":[{"href":"https:\/\/www.madredediaibiza.com\/ca\/wp-json\/wp\/v2\/pages\/6631","targetHints":{"allow":["GET"]}}],"collection":[{"href":"https:\/\/www.madredediaibiza.com\/ca\/wp-json\/wp\/v2\/pages"}],"about":[{"href":"https:\/\/www.madredediaibiza.com\/ca\/wp-json\/wp\/v2\/types\/page"}],"author":[{"embeddable":true,"href":"https:\/\/www.madredediaibiza.com\/ca\/wp-json\/wp\/v2\/users\/1"}],"replies":[{"embeddable":true,"href":"https:\/\/www.madredediaibiza.com\/ca\/wp-json\/wp\/v2\/comments?post=6631"}],"version-history":[{"count":2,"href":"https:\/\/www.madredediaibiza.com\/ca\/wp-json\/wp\/v2\/pages\/6631\/revisions"}],"predecessor-version":[{"id":6672,"href":"https:\/\/www.madredediaibiza.com\/ca\/wp-json\/wp\/v2\/pages\/6631\/revisions\/6672"}],"wp:attachment":[{"href":"https:\/\/www.madredediaibiza.com\/ca\/wp-json\/wp\/v2\/media?parent=6631"}],"curies":[{"name":"wp","href":"https:\/\/api.w.org\/{rel}","templated":true}]}}